{"id":1755,"date":"2020-05-13T21:21:49","date_gmt":"2020-05-13T21:21:49","guid":{"rendered":"https:\/\/natureinbox.eu\/?page_id=1755"},"modified":"2020-05-13T21:40:56","modified_gmt":"2020-05-13T21:40:56","slug":"storie-about-nature-inbox","status":"publish","type":"page","link":"https:\/\/natureinbox.eu\/de\/storie-about-nature-inbox\/","title":{"rendered":"Die Geschichte \u00fcber Nature Box"},"content":{"rendered":"<div data-elementor-type=\"wp-post\" data-elementor-id=\"1755\" class=\"elementor elementor-1755\" data-elementor-settings=\"[]\">\n\t\t\t<div class=\"elementor-inner\">\n\t\t\t\t<div class=\"elementor-section-wrap\">\n\t\t\t\t\t\t\t<section class=\"elementor-element elementor-element-8436f50 elementor-section-boxed elementor-section-height-default elementor-section-height-default elementor-section elementor-top-section\" data-id=\"8436f50\" data-element_type=\"section\">\n\t\t\t\t\t\t<div class=\"elementor-container elementor-column-gap-default\">\n\t\t\t\t<div class=\"elementor-row\">\n\t\t\t\t<div class=\"elementor-element elementor-element-a3eb8a7 elementor-column elementor-col-100 elementor-top-column\" data-id=\"a3eb8a7\" data-element_type=\"column\">\n\t\t\t<div class=\"elementor-column-wrap  elementor-element-populated\">\n\t\t\t\t\t<div class=\"elementor-widget-wrap\">\n\t\t\t\t<div class=\"elementor-element elementor-element-4a367ed elementor-widget elementor-widget-heading\" data-id=\"4a367ed\" data-element_type=\"widget\" data-widget_type=\"heading.default\">\n\t\t\t\t<div class=\"elementor-widget-container\">\n\t\t\t<h1 class=\"elementor-heading-title elementor-size-xl\">Die Geschichte \u00fcber die Entstehung von Natur Inbox<\/h1>\t\t<\/div>\n\t\t\t\t<\/div>\n\t\t\t\t\t\t<\/div>\n\t\t\t<\/div>\n\t\t<\/div>\n\t\t\t\t\t\t<\/div>\n\t\t\t<\/div>\n\t\t<\/section>\n\t\t\t\t<section class=\"elementor-element elementor-element-91bd4e9 elementor-section-stretched elementor-section-boxed elementor-section-height-default elementor-section-height-default elementor-section elementor-top-section\" data-id=\"91bd4e9\" data-element_type=\"section\" data-settings=\"{&quot;stretch_section&quot;:&quot;section-stretched&quot;,&quot;background_background&quot;:&quot;classic&quot;}\">\n\t\t\t\t\t\t\t<div class=\"elementor-background-overlay\"><\/div>\n\t\t\t\t\t\t\t<div class=\"elementor-container elementor-column-gap-default\">\n\t\t\t\t<div class=\"elementor-row\">\n\t\t\t\t<div class=\"elementor-element elementor-element-168561d elementor-column elementor-col-100 elementor-top-column\" data-id=\"168561d\" data-element_type=\"column\">\n\t\t\t<div class=\"elementor-column-wrap\">\n\t\t\t\t\t<div class=\"elementor-widget-wrap\">\n\t\t\t\t\t\t<\/div>\n\t\t\t<\/div>\n\t\t<\/div>\n\t\t\t\t\t\t<\/div>\n\t\t\t<\/div>\n\t\t<\/section>\n\t\t\t\t<section class=\"elementor-element elementor-element-88644d5 elementor-section-boxed elementor-section-height-default elementor-section-height-default elementor-section elementor-top-section\" data-id=\"88644d5\" data-element_type=\"section\">\n\t\t\t\t\t\t<div class=\"elementor-container elementor-column-gap-default\">\n\t\t\t\t<div class=\"elementor-row\">\n\t\t\t\t<div class=\"elementor-element elementor-element-7d75813 elementor-column elementor-col-100 elementor-top-column\" data-id=\"7d75813\" data-element_type=\"column\">\n\t\t\t<div class=\"elementor-column-wrap  elementor-element-populated\">\n\t\t\t\t\t<div class=\"elementor-widget-wrap\">\n\t\t\t\t<div class=\"elementor-element elementor-element-c20be66 elementor-widget elementor-widget-text-editor\" data-id=\"c20be66\" data-element_type=\"widget\" data-widget_type=\"text-editor.default\">\n\t\t\t\t<div class=\"elementor-widget-container\">\n\t\t\t\t\t<div class=\"elementor-text-editor elementor-clearfix\"><h3><strong>Es war Fr\u00fchling in der Toskana in 2016. Auf der wunderbaren Reise durch toskanische Landschaft und St\u00e4dte habe ich viele interessante Menschen kennen gelernt. Die Menschen, die offen and freundlich waren. Die Menschen, unter welchen auch eine \u00e4ltere Frau aus der N\u00e4he von San Gimignano war. Mit ihren handgemachten Cremen hat sie sofort mein Interesse geweckt. Im Gespr\u00e4ch hat sie mir einige ihrer Geheimnisse and einige der verwendeten Zutaten anvertraut. Sp\u00e4ter habe ich mir alles aufgeschrieben und zu Hause experimentieren zu beginnen. Mindestens 50 Rezepturen habe ich verwendet, bevor ich diejenige gefunden habe, mit der ich zufrieden war \u2026<\/strong><\/h3><\/div>\n\t\t\t\t<\/div>\n\t\t\t\t<\/div>\n\t\t\t\t\t\t<\/div>\n\t\t\t<\/div>\n\t\t<\/div>\n\t\t\t\t\t\t<\/div>\n\t\t\t<\/div>\n\t\t<\/section>\n\t\t\t\t<section class=\"elementor-element elementor-element-68d6cc8 elementor-section-stretched elementor-section-boxed elementor-section-height-default elementor-section-height-default elementor-section elementor-top-section\" data-id=\"68d6cc8\" data-element_type=\"section\" data-settings=\"{&quot;stretch_section&quot;:&quot;section-stretched&quot;,&quot;background_background&quot;:&quot;classic&quot;}\">\n\t\t\t\t\t\t\t<div class=\"elementor-background-overlay\"><\/div>\n\t\t\t\t\t\t\t<div class=\"elementor-container elementor-column-gap-default\">\n\t\t\t\t<div class=\"elementor-row\">\n\t\t\t\t<div class=\"elementor-element elementor-element-a745772 elementor-column elementor-col-100 elementor-top-column\" data-id=\"a745772\" data-element_type=\"column\">\n\t\t\t<div class=\"elementor-column-wrap\">\n\t\t\t\t\t<div class=\"elementor-widget-wrap\">\n\t\t\t\t\t\t<\/div>\n\t\t\t<\/div>\n\t\t<\/div>\n\t\t\t\t\t\t<\/div>\n\t\t\t<\/div>\n\t\t<\/section>\n\t\t\t\t\t\t<\/div>\n\t\t\t<\/div>\n\t\t<\/div>","protected":false},"excerpt":{"rendered":"<p>The story of how Nature Inbox was born It was spring 2016 in Tuscany. While exploring beautiful places and countryside, I came across very interesting people. Friendly and open. Among them was an elderly lady, near San Gimignano, who attracted me with her homemade, handmade creams and various \u201cconcoctions.\u201d We got into a conversation and &#8230;<\/p>","protected":false},"author":1,"featured_media":0,"parent":0,"menu_order":0,"comment_status":"closed","ping_status":"closed","template":"","meta":{"spay_email":"","footnotes":""},"_links":{"self":[{"href":"https:\/\/natureinbox.eu\/de\/wp-json\/wp\/v2\/pages\/1755"}],"collection":[{"href":"https:\/\/natureinbox.eu\/de\/wp-json\/wp\/v2\/pages"}],"about":[{"href":"https:\/\/natureinbox.eu\/de\/wp-json\/wp\/v2\/types\/page"}],"author":[{"embeddable":true,"href":"https:\/\/natureinbox.eu\/de\/wp-json\/wp\/v2\/users\/1"}],"replies":[{"embeddable":true,"href":"https:\/\/natureinbox.eu\/de\/wp-json\/wp\/v2\/comments?post=1755"}],"version-history":[{"count":7,"href":"https:\/\/natureinbox.eu\/de\/wp-json\/wp\/v2\/pages\/1755\/revisions"}],"predecessor-version":[{"id":1766,"href":"https:\/\/natureinbox.eu\/de\/wp-json\/wp\/v2\/pages\/1755\/revisions\/1766"}],"wp:attachment":[{"href":"https:\/\/natureinbox.eu\/de\/wp-json\/wp\/v2\/media?parent=1755"}],"curies":[{"name":"wp","href":"https:\/\/api.w.org\/{rel}","templated":true}]}}