{"id":1788,"date":"2020-05-14T21:48:52","date_gmt":"2020-05-14T21:48:52","guid":{"rendered":"https:\/\/natureinbox.eu\/?page_id=1788"},"modified":"2020-05-15T17:29:40","modified_gmt":"2020-05-15T17:29:40","slug":"get-ready-for-your-next-trip","status":"publish","type":"page","link":"https:\/\/natureinbox.eu\/de\/get-ready-for-your-next-trip\/","title":{"rendered":"Tipps"},"content":{"rendered":"<div data-elementor-type=\"wp-post\" data-elementor-id=\"1788\" class=\"elementor elementor-1788\" data-elementor-settings=\"[]\">\n\t\t\t<div class=\"elementor-inner\">\n\t\t\t\t<div class=\"elementor-section-wrap\">\n\t\t\t\t\t\t\t<section class=\"elementor-element elementor-element-8c14fb0 elementor-section-boxed elementor-section-height-default elementor-section-height-default elementor-section elementor-top-section\" data-id=\"8c14fb0\" data-element_type=\"section\">\n\t\t\t\t\t\t<div class=\"elementor-container elementor-column-gap-default\">\n\t\t\t\t<div class=\"elementor-row\">\n\t\t\t\t<div class=\"elementor-element elementor-element-84047db elementor-column elementor-col-100 elementor-top-column\" data-id=\"84047db\" data-element_type=\"column\">\n\t\t\t<div class=\"elementor-column-wrap  elementor-element-populated\">\n\t\t\t\t\t<div class=\"elementor-widget-wrap\">\n\t\t\t\t<div class=\"elementor-element elementor-element-fe47d7e elementor-widget elementor-widget-heading\" data-id=\"fe47d7e\" data-element_type=\"widget\" data-widget_type=\"heading.default\">\n\t\t\t\t<div class=\"elementor-widget-container\">\n\t\t\t<h1 class=\"elementor-heading-title elementor-size-xxl\">Reisevorbereitung<\/h1>\t\t<\/div>\n\t\t\t\t<\/div>\n\t\t\t\t\t\t<\/div>\n\t\t\t<\/div>\n\t\t<\/div>\n\t\t\t\t\t\t<\/div>\n\t\t\t<\/div>\n\t\t<\/section>\n\t\t\t\t<section class=\"elementor-element elementor-element-3b85128 elementor-section-boxed elementor-section-height-default elementor-section-height-default elementor-section elementor-top-section\" data-id=\"3b85128\" data-element_type=\"section\">\n\t\t\t\t\t\t<div class=\"elementor-container elementor-column-gap-default\">\n\t\t\t\t<div class=\"elementor-row\">\n\t\t\t\t<div class=\"elementor-element elementor-element-6143b54 elementor-column elementor-col-100 elementor-top-column\" data-id=\"6143b54\" data-element_type=\"column\">\n\t\t\t<div class=\"elementor-column-wrap  elementor-element-populated\">\n\t\t\t\t\t<div class=\"elementor-widget-wrap\">\n\t\t\t\t<div class=\"elementor-element elementor-element-e16d477 elementor-widget elementor-widget-image\" data-id=\"e16d477\" data-element_type=\"widget\" data-widget_type=\"image.default\">\n\t\t\t\t<div class=\"elementor-widget-container\">\n\t\t\t\t\t<div class=\"elementor-image\">\n\t\t\t\t\t\t\t\t\t\t<img loading=\"lazy\" decoding=\"async\" width=\"1024\" height=\"512\" src=\"https:\/\/natureinbox.eu\/wp-content\/uploads\/2020\/05\/fotka2-page_1200-600-1024x512.png\" class=\"attachment-large size-large wp-post-image\" alt=\"\" srcset=\"https:\/\/natureinbox.eu\/wp-content\/uploads\/2020\/05\/fotka2-page_1200-600-1024x512.png 1024w, https:\/\/natureinbox.eu\/wp-content\/uploads\/2020\/05\/fotka2-page_1200-600-300x150.png 300w, https:\/\/natureinbox.eu\/wp-content\/uploads\/2020\/05\/fotka2-page_1200-600-768x384.png 768w, https:\/\/natureinbox.eu\/wp-content\/uploads\/2020\/05\/fotka2-page_1200-600-960x480.png 960w, https:\/\/natureinbox.eu\/wp-content\/uploads\/2020\/05\/fotka2-page_1200-600-570x285.png 570w, https:\/\/natureinbox.eu\/wp-content\/uploads\/2020\/05\/fotka2-page_1200-600.png 1200w\" sizes=\"(max-width: 1024px) 100vw, 1024px\" \/>\t\t\t\t\t\t\t\t\t\t\t<\/div>\n\t\t\t\t<\/div>\n\t\t\t\t<\/div>\n\t\t\t\t\t\t<\/div>\n\t\t\t<\/div>\n\t\t<\/div>\n\t\t\t\t\t\t<\/div>\n\t\t\t<\/div>\n\t\t<\/section>\n\t\t\t\t<section class=\"elementor-element elementor-element-a63c8cd elementor-section-boxed elementor-section-height-default elementor-section-height-default elementor-section elementor-top-section\" data-id=\"a63c8cd\" data-element_type=\"section\">\n\t\t\t\t\t\t<div class=\"elementor-container elementor-column-gap-default\">\n\t\t\t\t<div class=\"elementor-row\">\n\t\t\t\t<div class=\"elementor-element elementor-element-7a019c0 elementor-column elementor-col-100 elementor-top-column\" data-id=\"7a019c0\" data-element_type=\"column\">\n\t\t\t<div class=\"elementor-column-wrap  elementor-element-populated\">\n\t\t\t\t\t<div class=\"elementor-widget-wrap\">\n\t\t\t\t<div class=\"elementor-element elementor-element-33b363d elementor-widget elementor-widget-text-editor\" data-id=\"33b363d\" data-element_type=\"widget\" data-widget_type=\"text-editor.default\">\n\t\t\t\t<div class=\"elementor-widget-container\">\n\t\t\t\t\t<div class=\"elementor-text-editor elementor-clearfix\"><p><strong>Das Deodorant und andere Mittel gegen Schwitzen gibt es auf der ganzen Welt, wobei sich die Qualit\u00e4t der lokalen Produkte sehr unterscheidet. Wenn Sie ein Deodorant packen m\u00f6chten, anstatt es an Ihrem Urlaubsort zu kaufen, steht Ihnen eine gro\u00dfe Auswahl der Reise-Deos zur Verf\u00fcgung.<\/strong><\/p><p><strong>Auf einer Flugreise kann man schnell unangenehme K\u00f6rpergeruche riechen \u2013 bei sich selbst und bei anderen Reisenden. Wenn ihre Reise lang ist, kann unangenehmer Geruch ihres Nachbarn im Flugzeug ihre Reise noch l\u00e4nger machen. Weil Sie ein reisebewusster Mensch sind, wollen Sie nicht diejenige Person sein, die unangenehme Ger\u00fcche verbreitet.<\/strong><\/p><\/div>\n\t\t\t\t<\/div>\n\t\t\t\t<\/div>\n\t\t\t\t\t\t<\/div>\n\t\t\t<\/div>\n\t\t<\/div>\n\t\t\t\t\t\t<\/div>\n\t\t\t<\/div>\n\t\t<\/section>\n\t\t\t\t<section class=\"elementor-element elementor-element-ee2a54b elementor-section-boxed elementor-section-height-default elementor-section-height-default elementor-section elementor-top-section\" data-id=\"ee2a54b\" data-element_type=\"section\">\n\t\t\t\t\t\t<div class=\"elementor-container elementor-column-gap-default\">\n\t\t\t\t<div class=\"elementor-row\">\n\t\t\t\t<div class=\"elementor-element elementor-element-fa807d2 elementor-column elementor-col-100 elementor-top-column\" data-id=\"fa807d2\" data-element_type=\"column\">\n\t\t\t<div class=\"elementor-column-wrap  elementor-element-populated\">\n\t\t\t\t\t<div class=\"elementor-widget-wrap\">\n\t\t\t\t<div class=\"elementor-element elementor-element-101f220 elementor-widget elementor-widget-heading\" data-id=\"101f220\" data-element_type=\"widget\" data-widget_type=\"heading.default\">\n\t\t\t\t<div class=\"elementor-widget-container\">\n\t\t\t<h2 class=\"elementor-heading-title elementor-size-default\">Nat\u00fcrliche Deodorants<\/h2>\t\t<\/div>\n\t\t\t\t<\/div>\n\t\t\t\t\t\t<\/div>\n\t\t\t<\/div>\n\t\t<\/div>\n\t\t\t\t\t\t<\/div>\n\t\t\t<\/div>\n\t\t<\/section>\n\t\t\t\t<section class=\"elementor-element elementor-element-a451e4a elementor-section-boxed elementor-section-height-default elementor-section-height-default elementor-section elementor-top-section\" data-id=\"a451e4a\" data-element_type=\"section\">\n\t\t\t\t\t\t<div class=\"elementor-container elementor-column-gap-default\">\n\t\t\t\t<div class=\"elementor-row\">\n\t\t\t\t<div class=\"elementor-element elementor-element-f7ba816 elementor-column elementor-col-100 elementor-top-column\" data-id=\"f7ba816\" data-element_type=\"column\">\n\t\t\t<div class=\"elementor-column-wrap  elementor-element-populated\">\n\t\t\t\t\t<div class=\"elementor-widget-wrap\">\n\t\t\t\t<div class=\"elementor-element elementor-element-0fcbe4b elementor-widget elementor-widget-text-editor\" data-id=\"0fcbe4b\" data-element_type=\"widget\" data-widget_type=\"text-editor.default\">\n\t\t\t\t<div class=\"elementor-widget-container\">\n\t\t\t\t\t<div class=\"elementor-text-editor elementor-clearfix\"><p><strong><span lang=\"SL\">In den letzten Jahren haben sich die nat\u00fcrlichen Deos sehr entwickelt. Die Studien haben ergeben, dass die Verwendung der Deodorants und Anti-Transpirants positive Auswirkungen auf die Gesundheit hat. Nat\u00fcrliche Deodorants bestehen aus Inhaltsstoffen, die Ihrem K\u00f6rper nat\u00fcrliches (und gesundes) Schwitzen erm\u00f6glichen. Im Unterschied zu synthetischen Deodorants k\u00f6nnen die nat\u00fcrlichen Deodorants auch bei Hautirritationen und anderen Beschwerden helfen.<\/span><\/strong><\/p><p><strong><span lang=\"SL\">Dank der besten Reise-Deos und Anti-Transpirantem auf dem Markt k\u00f6nnen Sie eigentlich geruchlos reisen. Wenn Sie dar\u00fcber vor Ihrer Reise nachdenken, kann das f\u00fcr Sie und andere Reisenden eine angenehmere Reise bedeuten.\u00a0<\/span><\/strong><\/p><p><strong><span lang=\"SL\">Im Namen aller, die in Ihrer N\u00e4he bei einer Flug- oder Zugreise sitzen werden, bedanken wir uns herzlich.<\/span><\/strong><\/p><\/div>\n\t\t\t\t<\/div>\n\t\t\t\t<\/div>\n\t\t\t\t\t\t<\/div>\n\t\t\t<\/div>\n\t\t<\/div>\n\t\t\t\t\t\t<\/div>\n\t\t\t<\/div>\n\t\t<\/section>\n\t\t\t\t\t\t<\/div>\n\t\t\t<\/div>\n\t\t<\/div>","protected":false},"excerpt":{"rendered":"<p>Get Ready for Your Next Trip Deodorant and anti-perspirants are available worldwide, but the quality of local products varies widely. If you\u2019re planning to pack your deodorant, instead of buy when you land, here are the best options for travel deodorants. You know when transit stinks, but not only because of the long hours you\u2019re &#8230;<\/p>","protected":false},"author":1,"featured_media":0,"parent":0,"menu_order":0,"comment_status":"closed","ping_status":"closed","template":"","meta":{"spay_email":"","footnotes":""},"_links":{"self":[{"href":"https:\/\/natureinbox.eu\/de\/wp-json\/wp\/v2\/pages\/1788"}],"collection":[{"href":"https:\/\/natureinbox.eu\/de\/wp-json\/wp\/v2\/pages"}],"about":[{"href":"https:\/\/natureinbox.eu\/de\/wp-json\/wp\/v2\/types\/page"}],"author":[{"embeddable":true,"href":"https:\/\/natureinbox.eu\/de\/wp-json\/wp\/v2\/users\/1"}],"replies":[{"embeddable":true,"href":"https:\/\/natureinbox.eu\/de\/wp-json\/wp\/v2\/comments?post=1788"}],"version-history":[{"count":7,"href":"https:\/\/natureinbox.eu\/de\/wp-json\/wp\/v2\/pages\/1788\/revisions"}],"predecessor-version":[{"id":1808,"href":"https:\/\/natureinbox.eu\/de\/wp-json\/wp\/v2\/pages\/1788\/revisions\/1808"}],"wp:attachment":[{"href":"https:\/\/natureinbox.eu\/de\/wp-json\/wp\/v2\/media?parent=1788"}],"curies":[{"name":"wp","href":"https:\/\/api.w.org\/{rel}","templated":true}]}}