{"id":762,"date":"2019-07-11T11:08:30","date_gmt":"2019-07-11T11:08:30","guid":{"rendered":"https:\/\/natureinbox.eu\/?page_id=762"},"modified":"2020-05-19T11:55:56","modified_gmt":"2020-05-19T11:55:56","slug":"why-do-we-sweat","status":"publish","type":"page","link":"https:\/\/natureinbox.eu\/de\/why-do-we-sweat\/","title":{"rendered":"Tipps"},"content":{"rendered":"<div data-elementor-type=\"wp-post\" data-elementor-id=\"762\" class=\"elementor elementor-762\" data-elementor-settings=\"[]\">\n\t\t\t<div class=\"elementor-inner\">\n\t\t\t\t<div class=\"elementor-section-wrap\">\n\t\t\t\t\t\t\t<section class=\"elementor-element elementor-element-8c14fb0 elementor-section-boxed elementor-section-height-default elementor-section-height-default elementor-section elementor-top-section\" data-id=\"8c14fb0\" data-element_type=\"section\">\n\t\t\t\t\t\t<div class=\"elementor-container elementor-column-gap-default\">\n\t\t\t\t<div class=\"elementor-row\">\n\t\t\t\t<div class=\"elementor-element elementor-element-84047db elementor-column elementor-col-100 elementor-top-column\" data-id=\"84047db\" data-element_type=\"column\">\n\t\t\t<div class=\"elementor-column-wrap  elementor-element-populated\">\n\t\t\t\t\t<div class=\"elementor-widget-wrap\">\n\t\t\t\t<div class=\"elementor-element elementor-element-fe47d7e elementor-widget elementor-widget-heading\" data-id=\"fe47d7e\" data-element_type=\"widget\" data-widget_type=\"heading.default\">\n\t\t\t\t<div class=\"elementor-widget-container\">\n\t\t\t<h1 class=\"elementor-heading-title elementor-size-xxl\">Warum schwitzen wir?<\/h1>\t\t<\/div>\n\t\t\t\t<\/div>\n\t\t\t\t\t\t<\/div>\n\t\t\t<\/div>\n\t\t<\/div>\n\t\t\t\t\t\t<\/div>\n\t\t\t<\/div>\n\t\t<\/section>\n\t\t\t\t<section class=\"elementor-element elementor-element-3b85128 elementor-section-boxed elementor-section-height-default elementor-section-height-default elementor-section elementor-top-section\" data-id=\"3b85128\" data-element_type=\"section\">\n\t\t\t\t\t\t<div class=\"elementor-container elementor-column-gap-default\">\n\t\t\t\t<div class=\"elementor-row\">\n\t\t\t\t<div class=\"elementor-element elementor-element-6143b54 elementor-column elementor-col-100 elementor-top-column\" data-id=\"6143b54\" data-element_type=\"column\">\n\t\t\t<div class=\"elementor-column-wrap  elementor-element-populated\">\n\t\t\t\t\t<div class=\"elementor-widget-wrap\">\n\t\t\t\t<div class=\"elementor-element elementor-element-e16d477 elementor-widget elementor-widget-image\" data-id=\"e16d477\" data-element_type=\"widget\" data-widget_type=\"image.default\">\n\t\t\t\t<div class=\"elementor-widget-container\">\n\t\t\t\t\t<div class=\"elementor-image\">\n\t\t\t\t\t\t\t\t\t\t<img loading=\"lazy\" decoding=\"async\" width=\"1024\" height=\"512\" src=\"https:\/\/natureinbox.eu\/wp-content\/uploads\/2020\/05\/why-we-sweet-1024x512.png\" class=\"attachment-large size-large wp-post-image\" alt=\"\" srcset=\"https:\/\/natureinbox.eu\/wp-content\/uploads\/2020\/05\/why-we-sweet-1024x512.png 1024w, https:\/\/natureinbox.eu\/wp-content\/uploads\/2020\/05\/why-we-sweet-300x150.png 300w, https:\/\/natureinbox.eu\/wp-content\/uploads\/2020\/05\/why-we-sweet-768x384.png 768w, https:\/\/natureinbox.eu\/wp-content\/uploads\/2020\/05\/why-we-sweet-960x480.png 960w, https:\/\/natureinbox.eu\/wp-content\/uploads\/2020\/05\/why-we-sweet-570x285.png 570w, https:\/\/natureinbox.eu\/wp-content\/uploads\/2020\/05\/why-we-sweet.png 1200w\" sizes=\"(max-width: 1024px) 100vw, 1024px\" \/>\t\t\t\t\t\t\t\t\t\t\t<\/div>\n\t\t\t\t<\/div>\n\t\t\t\t<\/div>\n\t\t\t\t\t\t<\/div>\n\t\t\t<\/div>\n\t\t<\/div>\n\t\t\t\t\t\t<\/div>\n\t\t\t<\/div>\n\t\t<\/section>\n\t\t\t\t<section class=\"elementor-element elementor-element-9094d90 elementor-section-boxed elementor-section-height-default elementor-section-height-default elementor-section elementor-top-section\" data-id=\"9094d90\" data-element_type=\"section\">\n\t\t\t\t\t\t<div class=\"elementor-container elementor-column-gap-default\">\n\t\t\t\t<div class=\"elementor-row\">\n\t\t\t\t<div class=\"elementor-element elementor-element-15a55c8 elementor-column elementor-col-100 elementor-top-column\" data-id=\"15a55c8\" data-element_type=\"column\">\n\t\t\t<div class=\"elementor-column-wrap  elementor-element-populated\">\n\t\t\t\t\t<div class=\"elementor-widget-wrap\">\n\t\t\t\t<div class=\"elementor-element elementor-element-dd7e36b elementor-widget elementor-widget-heading\" data-id=\"dd7e36b\" data-element_type=\"widget\" data-widget_type=\"heading.default\">\n\t\t\t\t<div class=\"elementor-widget-container\">\n\t\t\t<h2 class=\"elementor-heading-title elementor-size-default\">Warum schwitzen wir?<\/h2>\t\t<\/div>\n\t\t\t\t<\/div>\n\t\t\t\t\t\t<\/div>\n\t\t\t<\/div>\n\t\t<\/div>\n\t\t\t\t\t\t<\/div>\n\t\t\t<\/div>\n\t\t<\/section>\n\t\t\t\t<section class=\"elementor-element elementor-element-a63c8cd elementor-section-boxed elementor-section-height-default elementor-section-height-default elementor-section elementor-top-section\" data-id=\"a63c8cd\" data-element_type=\"section\">\n\t\t\t\t\t\t<div class=\"elementor-container elementor-column-gap-default\">\n\t\t\t\t<div class=\"elementor-row\">\n\t\t\t\t<div class=\"elementor-element elementor-element-7a019c0 elementor-column elementor-col-100 elementor-top-column\" data-id=\"7a019c0\" data-element_type=\"column\">\n\t\t\t<div class=\"elementor-column-wrap  elementor-element-populated\">\n\t\t\t\t\t<div class=\"elementor-widget-wrap\">\n\t\t\t\t<div class=\"elementor-element elementor-element-33b363d elementor-widget elementor-widget-text-editor\" data-id=\"33b363d\" data-element_type=\"widget\" data-widget_type=\"text-editor.default\">\n\t\t\t\t<div class=\"elementor-widget-container\">\n\t\t\t\t\t<div class=\"elementor-text-editor elementor-clearfix\"><p style=\"text-align: left;\"><strong>Die prim\u00e4re Funktion des Schwitzens ist die Regulation der K\u00f6rpertemperatur. Das Schwitzen entsteht wegen K\u00f6rper\u00fcberhitzung. Beim Sport zum Beispiel werden die Muskeln belastet, was zur Erzeugung mehr Energie und K\u00f6rpererhitzung f\u00fchrt. Durch die Schwei\u00dfabsonderung befreit sich der K\u00f6rper von \u00fcberm\u00e4\u00dfiger Hitze und k\u00fchlt sich ab. Der Schwei\u00df verdunstet und der K\u00f6rper k\u00fchlt sich ab. Einfach erkl\u00e4rt ist das Schwitzen ein K\u00fchlungssystem \u2013 K\u00f6rperfl\u00fc\u00dfigkeit wird produziert und dann abgesondert. Der Schwei\u00df besteht aus Salzen, Elektrolyten und ist im Prinzip geruchlos. Der K\u00f6rper schwitzt ununterbrochen, wobei die Schwei\u00dfmengen zu gering sind um sie wahrzunehmen. Erst bei gr\u00f6\u00dferen abgesonderten Schwei\u00dfmengen wird Schwei\u00df bemerkbar in der Form von Tropfen auf der Haut oder auf den Harren.<\/strong><\/p><\/div>\n\t\t\t\t<\/div>\n\t\t\t\t<\/div>\n\t\t\t\t\t\t<\/div>\n\t\t\t<\/div>\n\t\t<\/div>\n\t\t\t\t\t\t<\/div>\n\t\t\t<\/div>\n\t\t<\/section>\n\t\t\t\t<section class=\"elementor-element elementor-element-ee2a54b elementor-section-boxed elementor-section-height-default elementor-section-height-default elementor-section elementor-top-section\" data-id=\"ee2a54b\" data-element_type=\"section\">\n\t\t\t\t\t\t<div class=\"elementor-container elementor-column-gap-default\">\n\t\t\t\t<div class=\"elementor-row\">\n\t\t\t\t<div class=\"elementor-element elementor-element-fa807d2 elementor-column elementor-col-100 elementor-top-column\" data-id=\"fa807d2\" data-element_type=\"column\">\n\t\t\t<div class=\"elementor-column-wrap  elementor-element-populated\">\n\t\t\t\t\t<div class=\"elementor-widget-wrap\">\n\t\t\t\t<div class=\"elementor-element elementor-element-101f220 elementor-widget elementor-widget-heading\" data-id=\"101f220\" data-element_type=\"widget\" data-widget_type=\"heading.default\">\n\t\t\t\t<div class=\"elementor-widget-container\">\n\t\t\t<h2 class=\"elementor-heading-title elementor-size-default\">Schwitzen M\u00e4nner mehr als Frauen?<\/h2>\t\t<\/div>\n\t\t\t\t<\/div>\n\t\t\t\t\t\t<\/div>\n\t\t\t<\/div>\n\t\t<\/div>\n\t\t\t\t\t\t<\/div>\n\t\t\t<\/div>\n\t\t<\/section>\n\t\t\t\t<section class=\"elementor-element elementor-element-a451e4a elementor-section-boxed elementor-section-height-default elementor-section-height-default elementor-section elementor-top-section\" data-id=\"a451e4a\" data-element_type=\"section\">\n\t\t\t\t\t\t<div class=\"elementor-container elementor-column-gap-default\">\n\t\t\t\t<div class=\"elementor-row\">\n\t\t\t\t<div class=\"elementor-element elementor-element-f7ba816 elementor-column elementor-col-100 elementor-top-column\" data-id=\"f7ba816\" data-element_type=\"column\">\n\t\t\t<div class=\"elementor-column-wrap  elementor-element-populated\">\n\t\t\t\t\t<div class=\"elementor-widget-wrap\">\n\t\t\t\t<div class=\"elementor-element elementor-element-0fcbe4b elementor-widget elementor-widget-text-editor\" data-id=\"0fcbe4b\" data-element_type=\"widget\" data-widget_type=\"text-editor.default\">\n\t\t\t\t<div class=\"elementor-widget-container\">\n\t\t\t\t\t<div class=\"elementor-text-editor elementor-clearfix\"><p><strong>Ja, die M\u00e4nner schwitzen mehr als die Frauen. Trotzdem ist das ''K\u00fchlungssytsem'' bei Frauen nicht besser entwickelt als bei den M\u00e4nnern. Da die Frauen weniger schwitzen, ist die M\u00f6glichkeit der K\u00f6perabk\u00fchlung durchs Schwitzen bzw. durch die Haut niedriger. Deswegen kann die K\u00f6rpertemperatur bei intensiven Sportaktivit\u00e4ten bei Frauen h\u00f6her als bei M\u00e4nnern sein.<\/strong><\/p><\/div>\n\t\t\t\t<\/div>\n\t\t\t\t<\/div>\n\t\t\t\t\t\t<\/div>\n\t\t\t<\/div>\n\t\t<\/div>\n\t\t\t\t\t\t<\/div>\n\t\t\t<\/div>\n\t\t<\/section>\n\t\t\t\t\t\t<\/div>\n\t\t\t<\/div>\n\t\t<\/div>","protected":false},"excerpt":{"rendered":"<p>Why do we sweat? Why do we sweat? The primary function of sweating is to regulate body temperature. Sweating is caused by overheating of the body. When we exercise, our muscles are loaded and produce more heat than usual. By excreting sweat on the surface of the skin, the body tries to get rid of &#8230;<\/p>","protected":false},"author":1,"featured_media":0,"parent":0,"menu_order":0,"comment_status":"closed","ping_status":"closed","template":"","meta":{"spay_email":"","footnotes":""},"_links":{"self":[{"href":"https:\/\/natureinbox.eu\/de\/wp-json\/wp\/v2\/pages\/762"}],"collection":[{"href":"https:\/\/natureinbox.eu\/de\/wp-json\/wp\/v2\/pages"}],"about":[{"href":"https:\/\/natureinbox.eu\/de\/wp-json\/wp\/v2\/types\/page"}],"author":[{"embeddable":true,"href":"https:\/\/natureinbox.eu\/de\/wp-json\/wp\/v2\/users\/1"}],"replies":[{"embeddable":true,"href":"https:\/\/natureinbox.eu\/de\/wp-json\/wp\/v2\/comments?post=762"}],"version-history":[{"count":9,"href":"https:\/\/natureinbox.eu\/de\/wp-json\/wp\/v2\/pages\/762\/revisions"}],"predecessor-version":[{"id":1913,"href":"https:\/\/natureinbox.eu\/de\/wp-json\/wp\/v2\/pages\/762\/revisions\/1913"}],"wp:attachment":[{"href":"https:\/\/natureinbox.eu\/de\/wp-json\/wp\/v2\/media?parent=762"}],"curies":[{"name":"wp","href":"https:\/\/api.w.org\/{rel}","templated":true}]}}