{"id":2153,"date":"2020-09-30T20:30:11","date_gmt":"2020-09-30T20:30:11","guid":{"rendered":"https:\/\/natureinbox.eu\/?post_type=product&#038;p=2153"},"modified":"2024-07-29T19:09:00","modified_gmt":"2024-07-29T19:09:00","slug":"zero-50ml","status":"publish","type":"product","link":"https:\/\/natureinbox.eu\/de\/product\/zero-50ml\/","title":{"rendered":"ZERO 50ml"},"content":{"rendered":"<p>T<span lang=\"en\">his deodorant with a pink cap was created precisely because<\/span><span lang=\"en\"> of Pink October and breast cancer awareness. <\/span><\/p>\n<p><span lang=\"en\">This deodorant is completely natural, with no added essential oils and fragrances.<\/span><\/p>\n<p><span lang=\"en\"> It is neutral, odorless and suitable for all those who do not like our &#8220;flavored&#8221; deodorants \ud83d\ude42 <\/span><\/p>\n<p><span lang=\"en\">24-Stunden-Schutz vor Schwei\u00dfgeruch!<\/span><\/p>\n<p>50ml<\/p>\n<p><em><strong>Inhaltsstoffe: Kokosbutter, Mangobutter, St\u00e4rke, Sodium Bicarbonate,\nBienenwachs, \u00e4therisches Zitronengrass \u00d6l,  \u00e4therisches Limette \u00d6l, \u00e4therisches Grapefruit\u00f6l<\/strong><\/em><\/p>\n<p><strong><em>Bees wax.<\/em><\/strong><\/p>\n<p>&nbsp;<\/p>\n<p><strong>Verwendung:<\/strong><\/p>\n<p>Tragen Sie etwa eine haselnussgro\u00dfe Portion der Creme auf Ihre Achselh\u00f6hlen auf. Tragen Sie die Creme nach dem Duschen auf, damit die Creme besser in die Haut absorbiert wird. Wenden Sie die Creme nicht gleich nach der Rasur an.<\/p>\n<p>&nbsp;<\/p>\n<p>12 Monate haltbar<\/p>\n<p>&nbsp;<\/p>\n<p>Geeignet f\u00fcr Kinder, Teenager und Erwachsene. F\u00fcr die ganze Familie.<\/p>","protected":false},"excerpt":{"rendered":"<h4>Was immer sie machen, mit Nature Inbox sp\u00fcren sie Frische den ganzen Tag!:-).<\/h4>","protected":false},"featured_media":2156,"menu_order":27,"comment_status":"open","ping_status":"closed","template":"","meta":{"spay_email":""},"bundle_layout":"","bundle_add_to_cart_form_location":"","bundle_editable_in_cart":false,"bundle_sold_individually_context":"","bundle_item_grouping":"","bundle_min_size":"","bundle_max_size":"","bundled_by":[],"bundled_items":[],"_links":{"self":[{"href":"https:\/\/natureinbox.eu\/de\/wp-json\/wp\/v2\/product\/2153"}],"collection":[{"href":"https:\/\/natureinbox.eu\/de\/wp-json\/wp\/v2\/product"}],"about":[{"href":"https:\/\/natureinbox.eu\/de\/wp-json\/wp\/v2\/types\/product"}],"replies":[{"embeddable":true,"href":"https:\/\/natureinbox.eu\/de\/wp-json\/wp\/v2\/comments?post=2153"}],"wp:featuredmedia":[{"embeddable":true,"href":"https:\/\/natureinbox.eu\/de\/wp-json\/wp\/v2\/media\/2156"}],"wp:attachment":[{"href":"https:\/\/natureinbox.eu\/de\/wp-json\/wp\/v2\/media?parent=2153"}],"curies":[{"name":"wp","href":"https:\/\/api.w.org\/{rel}","templated":true}]}}