{"id":2339,"date":"2020-11-28T15:34:09","date_gmt":"2020-11-28T15:34:09","guid":{"rendered":"https:\/\/natureinbox.eu\/?post_type=product&#038;p=2339"},"modified":"2026-04-03T08:16:36","modified_gmt":"2026-04-03T08:16:36","slug":"foot-balm","status":"publish","type":"product","link":"https:\/\/natureinbox.eu\/de\/product\/foot-balm\/","title":{"rendered":"Fu\u00dfbalsam"},"content":{"rendered":"<p>Foot balm has a quick and effective impact on tired feet.<\/p>\n<p>100ml<\/p>\n<p>Carefully prepared foot balm lotion contains best natural ingredients that have a quick and long-lasting effect.\u00a0 It effectively slows down the occurrence of fungal infection and unpleasant smell. The balm contains skin-friendly fat, combination of natural essential oils and panthenol vitamin. If used regularly the skin of feet becomes more flexible and resistant.<\/p>\n<p><strong>Verwendung:<\/strong><\/p>\n<p>Apply the balm lotion once or twice a day. Apply an adequate amount of lotion on your feet.<\/p>\n<p>Die Fu\u00dfbalsam Creme kann als Maske f\u00fcr sehr rissige und raue F\u00fc\u00dfe benutzt werden. Eine gr\u00f6\u00dfere Menge von Creme auf die F\u00fc\u00dfe auftragen und halbe Stunde wirken lassen. Nach dem Zeit die Restcreme mit Papierhandtuch abwischen.<\/p>\n<p>&nbsp;<\/p>\n<p><strong>Mindestens 12 Monate haltbar.<\/strong><\/p>\n<p><strong>Warnung: Bei blo\u00dfen F\u00fc\u00dfen kann zum Abrutschen kommen, bevor sich die Creme einzieht.<\/strong><\/p>","protected":false},"excerpt":{"rendered":"<p>Foot balm has a quick and effective impact on tired feet. 100ml Carefully prepared foot balm lotion contains best natural ingredients that have a quick and long-lasting effect.\u00a0 It effectively slows down the occurrence of fungal infection and unpleasant smell. The balm contains skin-friendly fat, combination of natural essential oils and panthenol vitamin. If used &#8230;<\/p>","protected":false},"featured_media":2341,"menu_order":15,"comment_status":"open","ping_status":"closed","template":"","meta":{"spay_email":""},"bundle_layout":"","bundle_add_to_cart_form_location":"","bundle_editable_in_cart":false,"bundle_sold_individually_context":"","bundle_item_grouping":"","bundle_min_size":"","bundle_max_size":"","bundled_by":[],"bundled_items":[],"_links":{"self":[{"href":"https:\/\/natureinbox.eu\/de\/wp-json\/wp\/v2\/product\/2339"}],"collection":[{"href":"https:\/\/natureinbox.eu\/de\/wp-json\/wp\/v2\/product"}],"about":[{"href":"https:\/\/natureinbox.eu\/de\/wp-json\/wp\/v2\/types\/product"}],"replies":[{"embeddable":true,"href":"https:\/\/natureinbox.eu\/de\/wp-json\/wp\/v2\/comments?post=2339"}],"wp:featuredmedia":[{"embeddable":true,"href":"https:\/\/natureinbox.eu\/de\/wp-json\/wp\/v2\/media\/2341"}],"wp:attachment":[{"href":"https:\/\/natureinbox.eu\/de\/wp-json\/wp\/v2\/media?parent=2339"}],"curies":[{"name":"wp","href":"https:\/\/api.w.org\/{rel}","templated":true}]}}