{"id":2656,"date":"2021-09-06T21:25:57","date_gmt":"2021-09-06T21:25:57","guid":{"rendered":"https:\/\/natureinbox.eu\/?post_type=product&#038;p=2656"},"modified":"2026-04-03T08:16:19","modified_gmt":"2026-04-03T08:16:19","slug":"lavender-tree-eco-paper-deo-50ml","status":"publish","type":"product","link":"https:\/\/natureinbox.eu\/de\/product\/lavender-tree-eco-paper-deo-50ml\/","title":{"rendered":"Lavender Eco Paper Deo 50ml"},"content":{"rendered":"<p>Wer kennt den Lavendelduft nicht? Einzigartiger, romantischer, immer angenehmer und frischer Duft der endlosen Lavendelfelder. \nTags\u00fcber und am Abend. F\u00fcr sie und f\u00fcr ihn!<\/p>\n<p>24-Stunden-Schutz vor Schwei\u00dfgeruch!<\/p>\n<p>&nbsp;<\/p>\n<p><em><strong>Inhaltsstoffe: Kokosbutter, Mangobutter, St\u00e4rke, Sodium Bicarbonate,\nBienenwachs, \u00e4therisches Zitronengrass \u00d6l,  \u00e4therisches Limette \u00d6l, \u00e4therisches Grapefruit\u00f6l<\/strong><\/em><\/p>\n<p><strong><em>Bees wax, Essential oils: Lavender<\/em><\/strong><\/p>\n<p>&nbsp;<\/p>\n<p><strong>Verwendung:<\/strong><\/p>\n<p>Tragen Sie etwa eine haselnussgro\u00dfe Portion der Creme auf Ihre Achselh\u00f6hlen auf. Tragen Sie die Creme nach dem Duschen auf, damit die Creme besser in die Haut absorbiert wird. Wenden Sie die Creme nicht gleich nach der Rasur an.<\/p>\n<p>&nbsp;<\/p>\n<p>12 Monate haltbar<\/p>\n<p>&nbsp;<\/p>\n<p>Geeignet f\u00fcr Kinder, Teenager und Erwachsene. F\u00fcr die ganze Familie.<\/p>","protected":false},"excerpt":{"rendered":"<h4>Was immer sie machen, mit Nature Inbox sp\u00fcren sie Frische den ganzen Tag!:-).<\/h4>","protected":false},"featured_media":2654,"menu_order":12,"comment_status":"open","ping_status":"closed","template":"","meta":{"spay_email":""},"bundle_layout":"","bundle_add_to_cart_form_location":"","bundle_editable_in_cart":false,"bundle_sold_individually_context":"","bundle_item_grouping":"","bundle_min_size":"","bundle_max_size":"","bundled_by":[],"bundled_items":[],"_links":{"self":[{"href":"https:\/\/natureinbox.eu\/de\/wp-json\/wp\/v2\/product\/2656"}],"collection":[{"href":"https:\/\/natureinbox.eu\/de\/wp-json\/wp\/v2\/product"}],"about":[{"href":"https:\/\/natureinbox.eu\/de\/wp-json\/wp\/v2\/types\/product"}],"replies":[{"embeddable":true,"href":"https:\/\/natureinbox.eu\/de\/wp-json\/wp\/v2\/comments?post=2656"}],"wp:featuredmedia":[{"embeddable":true,"href":"https:\/\/natureinbox.eu\/de\/wp-json\/wp\/v2\/media\/2654"}],"wp:attachment":[{"href":"https:\/\/natureinbox.eu\/de\/wp-json\/wp\/v2\/media?parent=2656"}],"curies":[{"name":"wp","href":"https:\/\/api.w.org\/{rel}","templated":true}]}}