{"id":30,"date":"2019-04-18T04:53:05","date_gmt":"2019-04-18T04:53:05","guid":{"rendered":"https:\/\/natureinbox.eu\/?post_type=product&#038;p=30"},"modified":"2025-11-13T09:36:22","modified_gmt":"2025-11-13T09:36:22","slug":"lemon-tree","status":"publish","type":"product","link":"https:\/\/natureinbox.eu\/de\/product\/lemon-tree\/","title":{"rendered":"Lemon Tree 50ml"},"content":{"rendered":"<p>Der frischeste Duft aus unserer Kollektion!\nDieses Deodorant enth\u00e4lt viele Ger\u00fcche der Zitrusfr\u00fcchte: Limette, Zitronengras und Grapefruit. Die Frische f\u00fcr den ganzen Tag! F\u00fcr sie und ihn!<\/p>\n<p>Many light citrus fruits are collected in this light deodorant: lime, lemongrass and grapefruit. Fresh scent for the whole day! For her and for him!<\/p>\n<p>24-Stunden-Schutz vor Schwei\u00dfgeruch!<\/p>\n<p>50ml<\/p>\n<p><em><strong>Inhaltsstoffe: Kokosbutter, Mangobutter, St\u00e4rke, Sodium Bicarbonate,\nBienenwachs, \u00e4therisches Zitronengrass \u00d6l,  \u00e4therisches Limette \u00d6l, \u00e4therisches Grapefruit\u00f6l<\/strong><\/em><\/p>\n<p><strong><em>Bees wax, Essential oils: Lemon tree, Lime, Grapefruit<\/em><\/strong><\/p>\n<p>&nbsp;<\/p>\n<p><strong>Verwendung:<\/strong><\/p>\n<p>Tragen Sie etwa eine haselnussgro\u00dfe Portion der Creme auf Ihre Achselh\u00f6hlen auf. Tragen Sie die Creme nach dem Duschen auf, damit die Creme besser in die Haut absorbiert wird. Wenden Sie die Creme nicht gleich nach der Rasur an.<\/p>\n<p>&nbsp;<\/p>\n<p>12 Monate haltbar<\/p>\n<p>&nbsp;<\/p>\n<p>Geeignet f\u00fcr Kinder, Teenager und Erwachsene. F\u00fcr die ganze Familie.<\/p>","protected":false},"excerpt":{"rendered":"<h4>Was immer sie machen, mit Nature Inbox sp\u00fcren sie Frische den ganzen Tag!:-).<\/h4>","protected":false},"featured_media":2645,"menu_order":1,"comment_status":"open","ping_status":"closed","template":"","meta":{"spay_email":""},"bundle_layout":"","bundle_add_to_cart_form_location":"","bundle_editable_in_cart":false,"bundle_sold_individually_context":"","bundle_item_grouping":"","bundle_min_size":"","bundle_max_size":"","bundled_by":[],"bundled_items":[],"_links":{"self":[{"href":"https:\/\/natureinbox.eu\/de\/wp-json\/wp\/v2\/product\/30"}],"collection":[{"href":"https:\/\/natureinbox.eu\/de\/wp-json\/wp\/v2\/product"}],"about":[{"href":"https:\/\/natureinbox.eu\/de\/wp-json\/wp\/v2\/types\/product"}],"replies":[{"embeddable":true,"href":"https:\/\/natureinbox.eu\/de\/wp-json\/wp\/v2\/comments?post=30"}],"wp:featuredmedia":[{"embeddable":true,"href":"https:\/\/natureinbox.eu\/de\/wp-json\/wp\/v2\/media\/2645"}],"wp:attachment":[{"href":"https:\/\/natureinbox.eu\/de\/wp-json\/wp\/v2\/media?parent=30"}],"curies":[{"name":"wp","href":"https:\/\/api.w.org\/{rel}","templated":true}]}}