{"id":35,"date":"2019-03-22T05:09:25","date_gmt":"2019-03-22T05:09:25","guid":{"rendered":"https:\/\/natureinbox.eu\/?post_type=product&#038;p=35"},"modified":"2026-04-03T08:32:10","modified_gmt":"2026-04-03T08:32:10","slug":"black-pepper","status":"publish","type":"product","link":"https:\/\/natureinbox.eu\/de\/product\/black-pepper\/","title":{"rendered":"Black Pepper 50ml"},"content":{"rendered":"<p>In diesem wunderbaren Deodorant werden st\u00e4rkere D\u00fcfte gesammelt, die mit ihrer Entschlossenheit \u00fcberzeugen.  Der schwarze Pfeffer, Patschuli und eine Prise Limette ist die Gewinnkombination und unser Hausgeheimnis, das dieses Deodorant attraktiver macht\ud83d\ude0a.<\/p>\n<p>24-Stunden-Schutz vor Schwei\u00dfgeruch!<\/p>\n<p>&nbsp;<\/p>\n<p><em><strong>Inhaltsstoffe: Kokosbutter, Mangobutter, St\u00e4rke, Sodium Bicarbonate,\nBienenwachs, \u00e4therisches Zitronengrass \u00d6l,  \u00e4therisches Limette \u00d6l, \u00e4therisches Grapefruit\u00f6l<\/strong><\/em><\/p>\n<p><strong><em>Bees wax, Essential oils: Lime, Black Pepper, Patchouli<\/em><\/strong><\/p>\n<p>&nbsp;<\/p>\n<p><strong>Verwendung:<\/strong><\/p>\n<p>Tragen Sie etwa eine haselnussgro\u00dfe Portion der Creme auf Ihre Achselh\u00f6hlen auf. Tragen Sie die Creme nach dem Duschen auf, damit die Creme besser in die Haut absorbiert wird. Wenden Sie die Creme nicht gleich nach der Rasur an.<\/p>\n<p>&nbsp;<\/p>\n<p>12 Monate haltbar<\/p>\n<p>&nbsp;<\/p>\n<p>Geeignet f\u00fcr Kinder, Teenager und Erwachsene. F\u00fcr die ganze Familie.<\/p>","protected":false},"excerpt":{"rendered":"<p><strong>Was immer sie machen, mit Nature Inbox sp\u00fcren sie Frische den ganzen Tag!:-).<\/strong><\/p>","protected":false},"featured_media":2646,"menu_order":6,"comment_status":"open","ping_status":"closed","template":"","meta":{"spay_email":""},"bundle_layout":"","bundle_add_to_cart_form_location":"","bundle_editable_in_cart":false,"bundle_sold_individually_context":"","bundle_item_grouping":"","bundle_min_size":"","bundle_max_size":"","bundled_by":[],"bundled_items":[],"_links":{"self":[{"href":"https:\/\/natureinbox.eu\/de\/wp-json\/wp\/v2\/product\/35"}],"collection":[{"href":"https:\/\/natureinbox.eu\/de\/wp-json\/wp\/v2\/product"}],"about":[{"href":"https:\/\/natureinbox.eu\/de\/wp-json\/wp\/v2\/types\/product"}],"replies":[{"embeddable":true,"href":"https:\/\/natureinbox.eu\/de\/wp-json\/wp\/v2\/comments?post=35"}],"wp:featuredmedia":[{"embeddable":true,"href":"https:\/\/natureinbox.eu\/de\/wp-json\/wp\/v2\/media\/2646"}],"wp:attachment":[{"href":"https:\/\/natureinbox.eu\/de\/wp-json\/wp\/v2\/media?parent=35"}],"curies":[{"name":"wp","href":"https:\/\/api.w.org\/{rel}","templated":true}]}}