{"id":1399,"date":"2020-03-19T04:47:50","date_gmt":"2020-03-19T04:47:50","guid":{"rendered":"https:\/\/natureinbox.eu\/dashboard\/"},"modified":"2020-05-12T18:33:13","modified_gmt":"2020-05-12T18:33:13","slug":"dashboard","status":"publish","type":"page","link":"https:\/\/natureinbox.eu\/sl\/dashboard\/","title":{"rendered":"Pi\u0161kotki"},"content":{"rendered":"<div data-elementor-type=\"wp-page\" data-elementor-id=\"1399\" class=\"elementor elementor-1399\" data-elementor-settings=\"[]\">\n\t\t\t<div class=\"elementor-inner\">\n\t\t\t\t<div class=\"elementor-section-wrap\">\n\t\t\t\t\t\t\t<section class=\"elementor-element elementor-element-87663cb elementor-section-boxed elementor-section-height-default elementor-section-height-default elementor-section elementor-top-section\" data-id=\"87663cb\" data-element_type=\"section\">\n\t\t\t\t\t\t<div class=\"elementor-container elementor-column-gap-default\">\n\t\t\t\t<div class=\"elementor-row\">\n\t\t\t\t<div class=\"elementor-element elementor-element-50b865b elementor-column elementor-col-100 elementor-top-column\" data-id=\"50b865b\" data-element_type=\"column\">\n\t\t\t<div class=\"elementor-column-wrap  elementor-element-populated\">\n\t\t\t\t\t<div class=\"elementor-widget-wrap\">\n\t\t\t\t<div class=\"elementor-element elementor-element-625ec76 elementor-widget elementor-widget-text-editor\" data-id=\"625ec76\" data-element_type=\"widget\" data-widget_type=\"text-editor.default\">\n\t\t\t\t<div class=\"elementor-widget-container\">\n\t\t\t\t\t<div class=\"elementor-text-editor elementor-clearfix\"><h1><strong>Pravno obvestilo o pi\u0161kotkih<\/strong><\/h1><p><strong>Uporaba pi\u0161kotkov<\/strong><\/p><p>Spletna stran www.netureinbox.eu (e-po\u0161tna sporo\u010dila, spletne storitve, ogla\u0161evanje in interaktivne aplikacije za optimizacijo storitev itd.) uporablja pi\u0161kotke. S pi\u0161kotki vas osebno ne identificiramo. Uporabljamo jih za bolj\u0161e delovanje spleti\u0161\u010da.<\/p><p><strong>Kaj so pi\u0161kotki?<\/strong><\/p><p>Pi\u0161kotki so manj\u0161e besedilne datoteke, obi\u010dajno iz \u010drk in \u0161tevilk, katere obiskano spletno mesto shrani v napravo (ra\u010dunalnik, mobilnik, tablica itd.) z namenom prepoznavanja teh naprav. Shranjevanje pi\u0161kotkov je pod nadzorom brskalnika \u2013 glejte spodaj: nadzor nad pi\u0161kotki.<\/p><p><strong>Zakaj na\u0161a spletna stran potrebuje pi\u0161kotke?<\/strong><\/p><p>Glavni namen pi\u0161kotka je, da (na\u0161emu) spletnemu stre\u017eniku omogo\u010di, da uporabniku predstavi prilagojene spletne strani, ki omogo\u010dajo, da je do\u017eivetje ob obisku (na\u0161e) spletne strani bolj osebno in da se bolje odziva na posamezne uporabnikove potrebe. Interakcija med uporabnikom in spletnim mestom je s pomo\u010djo pi\u0161kotkov hitrej\u0161a in enostavnej\u0161a. Z njihovo pomo\u010djo si spletna stran zapomni posameznikove preference in izku\u0161nje, s tem je uporabniku ob ponovnem obisku prihranjen \u010das, brskanje po spletnih straneh pa je tako bolj u\u010dinkovito in prijetno.<\/p><p><strong>Zakaj na\u0161a spletna stran uporablja pi\u0161kotke?<\/strong><\/p><p>Pi\u0161kotki so pomembno sredstvo za ohranjanje sve\u017ee in primerne vsebine, ki je v skladu z interesi in preferencami posameznega spletnega uporabnika. Razlogi za uporabo pi\u0161kotkov izhajajo iz njihovih lastnosti, ena izmed njih je shranjevanja podatkov o stanju posamezne spletne strani), pi\u0161kotki pomagajo pri izvajanju raznih spletnih storitev (spletne trgovine), pomagajo pri zbiranju raznih statistik, saj se le z njimi lahko spremlja pogostost obiskovanja dolo\u010dene spletne strani. S pomo\u010djo pi\u0161kotkov lahko upravljavec spletne strani oceni u\u010dinkovitost zasnove svoje spletne strani, kot tudi ustreznost vrste in \u0161tevila oglasov, ki jih ponujajo tretji uporabnikom na njegovi spletni strani.<\/p><p><b>Katere pi\u0161kotke na\u0161a spletna stran uporablja?<\/b><\/p><table style=\"background-image: initial; background-position: 0px 0px; background-size: initial; background-repeat: initial; background-attachment: initial; background-origin: initial; background-clip: initial; margin-top: 0px; margin-bottom: 0px; padding: 0px; vertical-align: middle; outline: 0px; width: 1300px; color: #808285; font-family: Tisa, sans-serif; font-size: 15px;\" width=\"619\" cellspacing=\"0\" cellpadding=\"7\"><tbody style=\"background: 0px 0px; border: 0px; margin: 0px; padding: 0px; vertical-align: baseline; outline: 0px;\"><tr style=\"background: 0px 0px; border: 1px solid #e1e1e1; margin: 0px; padding: 0px; vertical-align: baseline; outline: 0px;\" valign=\"TOP\"><td style=\"background: 0px 0px; margin: 0px; padding-top: 5px; padding-bottom: 5px; vertical-align: baseline; outline: 0px; text-align: center; border: 0px initial initial;\" width=\"144\"><b><i>Ime pi\u0161kotka<\/i><\/b><\/td><td style=\"background: 0px 0px; margin: 0px; padding-top: 5px; padding-bottom: 5px; vertical-align: baseline; outline: 0px; text-align: center; border: 0px initial initial;\" width=\"145\"><em style=\"background: 0px 0px; border: 0px; margin: 0px; padding: 0px; vertical-align: baseline; outline: 0px;\"><strong style=\"background: 0px 0px; border: 0px; margin: 0px; padding: 0px; vertical-align: baseline; outline: 0px;\">Namen uporabe<\/strong><\/em><\/td><td style=\"background: 0px 0px; margin: 0px; padding-top: 5px; padding-bottom: 5px; vertical-align: baseline; outline: 0px; text-align: center; border: 0px initial initial;\" width=\"144\"><b><i>\u010cas trajanja<\/i><\/b><\/td><td style=\"background: 0px 0px; margin: 0px; padding-top: 5px; padding-bottom: 5px; vertical-align: baseline; outline: 0px; text-align: center; border: 0px initial initial;\" width=\"129\"><b><i>Podjetje<\/i><\/b><\/td><\/tr><tr style=\"background: 0px 0px; border: 1px solid #e1e1e1; margin: 0px; padding: 0px; vertical-align: baseline; outline: 0px;\" valign=\"TOP\"><td style=\"background: 0px 0px; margin: 0px; padding-top: 5px; padding-bottom: 5px; vertical-align: baseline; outline: 0px; text-align: center; border: 0px initial initial;\" width=\"144\">wp-settings-xxxxx, wp-settings-time-xxxxx<\/td><td style=\"background: 0px 0px; margin: 0px; padding-top: 5px; padding-bottom: 5px; vertical-align: baseline; outline: 0px; text-align: center; border: 0px initial initial;\" width=\"145\">WordPress uporablja ta pi\u0161kotek, da prilagodi pogled na skrbni\u0161ki vmesnik in po mo\u017enosti tudi glavni vmesnik spletnega mesta.<\/td><td style=\"background: 0px 0px; margin: 0px; padding-top: 5px; padding-bottom: 5px; vertical-align: baseline; outline: 0px; text-align: center; border: 0px initial initial;\" width=\"144\">Pribli\u017eno 1 leto<\/td><td style=\"background: 0px 0px; margin: 0px; padding-top: 5px; padding-bottom: 5px; vertical-align: baseline; outline: 0px; text-align: center; border: 0px initial initial;\" width=\"129\">Lastni pi\u0161kotek<\/td><\/tr><tr style=\"background: 0px 0px; border: 1px solid #e1e1e1; margin: 0px; padding: 0px; vertical-align: baseline; outline: 0px;\" valign=\"TOP\"><td style=\"background: 0px 0px; margin: 0px; padding-top: 5px; padding-bottom: 5px; vertical-align: baseline; outline: 0px; text-align: center; border: 0px initial initial;\" width=\"144\">wp_woocommerce_session<\/td><td style=\"background: 0px 0px; margin: 0px; padding-top: 5px; padding-bottom: 5px; vertical-align: baseline; outline: 0px; text-align: center; border: 0px initial initial;\" width=\"145\">Vsebuje edinstveno kodo za vsako stranko, da sistem ve kje najti podatke o ko\u0161arici v bazi podatkov za vsako stranko.<\/td><td style=\"background: 0px 0px; margin: 0px; padding-top: 5px; padding-bottom: 5px; vertical-align: baseline; outline: 0px; text-align: center; border: 0px initial initial;\" width=\"144\">2 dni<\/td><td style=\"background: 0px 0px; margin: 0px; padding-top: 5px; padding-bottom: 5px; vertical-align: baseline; outline: 0px; text-align: center; border: 0px initial initial;\" width=\"129\">Lastni pi\u0161kotek<\/td><\/tr><tr style=\"background: 0px 0px; border: 1px solid #e1e1e1; margin: 0px; padding: 0px; vertical-align: baseline; outline: 0px;\" valign=\"TOP\"><td style=\"background: 0px 0px; margin: 0px; padding-top: 5px; padding-bottom: 5px; vertical-align: baseline; outline: 0px; text-align: center; border: 0px initial initial;\" width=\"144\">wordpress_test_cookie<\/td><td style=\"background: 0px 0px; margin: 0px; padding-top: 5px; padding-bottom: 5px; vertical-align: baseline; outline: 0px; text-align: center; border: 0px initial initial;\" width=\"145\">WordPress nastavi ta pi\u0161kotek, ko se pomaknete do strani za prijavo.<\/td><td style=\"background: 0px 0px; margin: 0px; padding-top: 5px; padding-bottom: 5px; vertical-align: baseline; outline: 0px; text-align: center; border: 0px initial initial;\" width=\"144\">trenutna seja<\/td><td style=\"background: 0px 0px; margin: 0px; padding-top: 5px; padding-bottom: 5px; vertical-align: baseline; outline: 0px; text-align: center; border: 0px initial initial;\" width=\"129\">Lastni pi\u0161kotek<\/td><\/tr><tr style=\"background: 0px 0px; border: 1px solid #e1e1e1; margin: 0px; padding: 0px; vertical-align: baseline; outline: 0px;\" valign=\"TOP\"><td style=\"background: 0px 0px; margin: 0px; padding-top: 5px; padding-bottom: 5px; vertical-align: baseline; outline: 0px; text-align: center; border: 0px initial initial;\" width=\"144\">wordpress_sec_<\/td><td style=\"background: 0px 0px; margin: 0px; padding-top: 5px; padding-bottom: 5px; vertical-align: baseline; outline: 0px; text-align: center; border: 0px initial initial;\" width=\"145\">Uporablja se kot klju\u010d za nadzor dostopa do WordPressa.<\/td><td style=\"background: 0px 0px; margin: 0px; padding-top: 5px; padding-bottom: 5px; vertical-align: baseline; outline: 0px; text-align: center; border: 0px initial initial;\" width=\"144\">trenutna seja<\/td><td style=\"background: 0px 0px; margin: 0px; padding-top: 5px; padding-bottom: 5px; vertical-align: baseline; outline: 0px; text-align: center; border: 0px initial initial;\" width=\"129\">Lastni pi\u0161kotek<\/td><\/tr><tr style=\"background: 0px 0px; border: 1px solid #e1e1e1; margin: 0px; padding: 0px; vertical-align: baseline; outline: 0px;\" valign=\"TOP\"><td style=\"background: 0px 0px; margin: 0px; padding-top: 5px; padding-bottom: 5px; vertical-align: baseline; outline: 0px; text-align: center; border: 0px initial initial;\" width=\"144\">wordpress_logged_in_<\/td><td style=\"background: 0px 0px; margin: 0px; padding-top: 5px; padding-bottom: 5px; vertical-align: baseline; outline: 0px; text-align: center; border: 0px initial initial;\" width=\"145\">Informira o tem kdaj ste prijavljeni in kdo ste.<\/td><td style=\"background: 0px 0px; margin: 0px; padding-top: 5px; padding-bottom: 5px; vertical-align: baseline; outline: 0px; text-align: center; border: 0px initial initial;\" width=\"144\">trenutna seja<\/td><td style=\"background: 0px 0px; margin: 0px; padding-top: 5px; padding-bottom: 5px; vertical-align: baseline; outline: 0px; text-align: center; border: 0px initial initial;\" width=\"129\">Lastni pi\u0161kotek<\/td><\/tr><tr style=\"background: 0px 0px; border: 1px solid #e1e1e1; margin: 0px; padding: 0px; vertical-align: baseline; outline: 0px;\" valign=\"TOP\"><td style=\"background: 0px 0px; margin: 0px; padding-top: 5px; padding-bottom: 5px; vertical-align: baseline; outline: 0px; text-align: center; border: 0px initial initial;\" width=\"144\">woocommerce_items_in_cart<\/td><td style=\"background: 0px 0px; margin: 0px; padding-top: 5px; padding-bottom: 5px; vertical-align: baseline; outline: 0px; text-align: center; border: 0px initial initial;\" width=\"145\">Bele\u017ei ali je v nakupovalnem vozi\u010dku kak\u0161en artikel<\/td><td style=\"background: 0px 0px; margin: 0px; padding-top: 5px; padding-bottom: 5px; vertical-align: baseline; outline: 0px; text-align: center; border: 0px initial initial;\" width=\"144\">1 dan<\/td><td style=\"background: 0px 0px; margin: 0px; padding-top: 5px; padding-bottom: 5px; vertical-align: baseline; outline: 0px; text-align: center; border: 0px initial initial;\" width=\"129\">Lastni pi\u0161kotek<\/td><\/tr><tr style=\"background: 0px 0px; border: 1px solid #e1e1e1; margin: 0px; padding: 0px; vertical-align: baseline; outline: 0px;\" valign=\"TOP\"><td style=\"background: 0px 0px; margin: 0px; padding-top: 5px; padding-bottom: 5px; vertical-align: baseline; outline: 0px; text-align: center; border: 0px initial initial;\" width=\"144\">woocommerce_cart_hash<\/td><td style=\"background: 0px 0px; margin: 0px; padding-top: 5px; padding-bottom: 5px; vertical-align: baseline; outline: 0px; text-align: center; border: 0px initial initial;\" width=\"145\">Bele\u017ei informacije o ko\u0161arici kot celoti in informira sistem kdaj se vsebina ko\u0161arice spremeni.<\/td><td style=\"background: 0px 0px; margin: 0px; padding-top: 5px; padding-bottom: 5px; vertical-align: baseline; outline: 0px; text-align: center; border: 0px initial initial;\" width=\"144\">trenutna seja<\/td><td style=\"background: 0px 0px; margin: 0px; padding-top: 5px; padding-bottom: 5px; vertical-align: baseline; outline: 0px; text-align: center; border: 0px initial initial;\" width=\"129\">Lastni pi\u0161kotek<\/td><\/tr><tr style=\"background: 0px 0px; border: 1px solid #e1e1e1; margin: 0px; padding: 0px; vertical-align: baseline; outline: 0px;\" valign=\"TOP\"><td style=\"background: 0px 0px; margin: 0px; padding-top: 5px; padding-bottom: 5px; vertical-align: baseline; outline: 0px; text-align: center; border: 0px initial initial;\" width=\"144\">wpml_referer_url<\/td><td style=\"background: 0px 0px; margin: 0px; padding-top: 5px; padding-bottom: 5px; vertical-align: baseline; outline: 0px; text-align: center; border: 0px initial initial;\" width=\"145\">Izbira jezika strani.<\/td><td style=\"background: 0px 0px; margin: 0px; padding-top: 5px; padding-bottom: 5px; vertical-align: baseline; outline: 0px; text-align: center; border: 0px initial initial;\" width=\"144\">1 dan<\/td><td style=\"background: 0px 0px; margin: 0px; padding-top: 5px; padding-bottom: 5px; vertical-align: baseline; outline: 0px; text-align: center; border: 0px initial initial;\" width=\"129\">Lastni pi\u0161kotek<\/td><\/tr><tr style=\"background: 0px 0px; border: 1px solid #e1e1e1; margin: 0px; padding: 0px; vertical-align: baseline; outline: 0px;\" valign=\"TOP\"><td style=\"background: 0px 0px; margin: 0px; padding-top: 5px; padding-bottom: 5px; vertical-align: baseline; outline: 0px; text-align: center; border: 0px initial initial;\" width=\"144\">_icl_current_language<\/td><td style=\"background: 0px 0px; margin: 0px; padding-top: 5px; padding-bottom: 5px; vertical-align: baseline; outline: 0px; text-align: center; border: 0px initial initial;\" width=\"145\">Izbira jezika strani.<\/td><td style=\"background: 0px 0px; margin: 0px; padding-top: 5px; padding-bottom: 5px; vertical-align: baseline; outline: 0px; text-align: center; border: 0px initial initial;\" width=\"144\">1 dan<\/td><td style=\"background: 0px 0px; margin: 0px; padding-top: 5px; padding-bottom: 5px; vertical-align: baseline; outline: 0px; text-align: center; border: 0px initial initial;\" width=\"129\">Lastni pi\u0161kotek<\/td><\/tr><tr style=\"background: 0px 0px; border: 1px solid #e1e1e1; margin: 0px; padding: 0px; vertical-align: baseline; outline: 0px;\" valign=\"TOP\"><td style=\"background: 0px 0px; margin: 0px; padding-top: 5px; padding-bottom: 5px; vertical-align: baseline; outline: 0px; text-align: center; border: 0px initial initial;\" width=\"144\">spu_closing<\/td><td style=\"background: 0px 0px; margin: 0px; padding-top: 5px; padding-bottom: 5px; vertical-align: baseline; outline: 0px; text-align: center; border: 0px initial initial;\" width=\"145\">Pop-up okno z oglasom.<\/td><td style=\"background: 0px 0px; margin: 0px; padding-top: 5px; padding-bottom: 5px; vertical-align: baseline; outline: 0px; text-align: center; border: 0px initial initial;\" width=\"144\">1 mesec<\/td><td style=\"background: 0px 0px; margin: 0px; padding-top: 5px; padding-bottom: 5px; vertical-align: baseline; outline: 0px; text-align: center; border: 0px initial initial;\" width=\"129\">Lastni pi\u0161kotek<\/td><\/tr><tr style=\"background: 0px 0px; border: 1px solid #e1e1e1; margin: 0px; padding: 0px; vertical-align: baseline; outline: 0px;\" valign=\"TOP\"><td style=\"background: 0px 0px; margin: 0px; padding-top: 5px; padding-bottom: 5px; vertical-align: baseline; outline: 0px; text-align: center; border: 0px initial initial;\" width=\"144\">moove_gdpr_popup<\/td><td style=\"background: 0px 0px; margin: 0px; padding-top: 5px; padding-bottom: 5px; vertical-align: baseline; outline: 0px; text-align: center; border: 0px initial initial;\" width=\"145\">Nastavitve pi\u0161kotkov po lastnih \u017eeljah.<\/td><td style=\"background: 0px 0px; margin: 0px; padding-top: 5px; padding-bottom: 5px; vertical-align: baseline; outline: 0px; text-align: center; border: 0px initial initial;\" width=\"144\">1 leto<\/td><td style=\"background: 0px 0px; margin: 0px; padding-top: 5px; padding-bottom: 5px; vertical-align: baseline; outline: 0px; text-align: center; border: 0px initial initial;\" width=\"129\">Lastni pi\u0161kotek<\/td><\/tr><tr style=\"background: 0px 0px; border: 1px solid #e1e1e1; margin: 0px; padding: 0px; vertical-align: baseline; outline: 0px;\" valign=\"TOP\"><td style=\"background: 0px 0px; margin: 0px; padding-top: 5px; padding-bottom: 5px; vertical-align: baseline; outline: 0px; text-align: center; border: 0px initial initial;\" width=\"144\"><b><i>Third party cookies<\/i><\/b><\/td><td style=\"background: 0px 0px; margin: 0px; padding-top: 5px; padding-bottom: 5px; vertical-align: baseline; outline: 0px; text-align: center; border: 0px initial initial;\" width=\"145\">\u00a0<\/td><td style=\"background: 0px 0px; margin: 0px; padding-top: 5px; padding-bottom: 5px; vertical-align: baseline; outline: 0px; text-align: center; border: 0px initial initial;\" width=\"144\">\u00a0<\/td><td style=\"background: 0px 0px; margin: 0px; padding-top: 5px; padding-bottom: 5px; vertical-align: baseline; outline: 0px; text-align: center; border: 0px initial initial;\" width=\"129\">\u00a0<\/td><\/tr><tr style=\"background: 0px 0px; border: 1px solid #e1e1e1; margin: 0px; padding: 0px; vertical-align: baseline; outline: 0px;\" valign=\"TOP\"><td style=\"background: 0px 0px; margin: 0px; padding-top: 5px; padding-bottom: 5px; vertical-align: baseline; outline: 0px; text-align: center; border: 0px initial initial;\" width=\"144\">_ga, _gat<\/td><td style=\"background: 0px 0px; margin: 0px; padding-top: 5px; padding-bottom: 5px; vertical-align: baseline; outline: 0px; text-align: center; border: 0px initial initial;\" width=\"145\">Pi\u0161kotek, povezan s storitvijo Google Analytics. Omogo\u010da, da spletna stran razlikuje razli\u010dne uporabnike.<\/td><td style=\"background: 0px 0px; margin: 0px; padding-top: 5px; padding-bottom: 5px; vertical-align: baseline; outline: 0px; text-align: center; border: 0px initial initial;\" width=\"144\">2 leti, seja<\/td><td style=\"background: 0px 0px; margin: 0px; padding-top: 5px; padding-bottom: 5px; vertical-align: baseline; outline: 0px; text-align: center; border: 0px initial initial;\" width=\"129\">Google<\/td><\/tr><tr style=\"background: 0px 0px; border: 1px solid #e1e1e1; margin: 0px; padding: 0px; vertical-align: baseline; outline: 0px;\" valign=\"TOP\"><td style=\"background: 0px 0px; margin: 0px; padding-top: 5px; padding-bottom: 5px; vertical-align: baseline; outline: 0px; text-align: center; border: 0px initial initial;\" width=\"144\">_gid<\/td><td style=\"background: 0px 0px; margin: 0px; padding-top: 5px; padding-bottom: 5px; vertical-align: baseline; outline: 0px; text-align: center; border: 0px initial initial;\" width=\"145\">Pi\u0161kotek, povezan s storitvijo Google Analytics. Omogo\u010da, da spletna stran razlikuje razli\u010dne uporabnike.<\/td><td style=\"background: 0px 0px; margin: 0px; padding-top: 5px; padding-bottom: 5px; vertical-align: baseline; outline: 0px; text-align: center; border: 0px initial initial;\" width=\"144\">1 dan<\/td><td style=\"background: 0px 0px; margin: 0px; padding-top: 5px; padding-bottom: 5px; vertical-align: baseline; outline: 0px; text-align: center; border: 0px initial initial;\" width=\"129\">Google<\/td><\/tr><tr style=\"background: 0px 0px; border: 1px solid #e1e1e1; margin: 0px; padding: 0px; vertical-align: baseline; outline: 0px;\" valign=\"TOP\"><td style=\"background: 0px 0px; margin: 0px; padding-top: 5px; padding-bottom: 5px; vertical-align: baseline; outline: 0px; text-align: center; border: 0px initial initial;\" width=\"144\">IDE<\/td><td style=\"background: 0px 0px; margin: 0px; padding-top: 5px; padding-bottom: 5px; vertical-align: baseline; outline: 0px; text-align: center; border: 0px initial initial;\" width=\"145\">Uporablja se za prikazovanje ciljanih oglasov.<\/td><td style=\"background: 0px 0px; margin: 0px; padding-top: 5px; padding-bottom: 5px; vertical-align: baseline; outline: 0px; text-align: center; border: 0px initial initial;\" width=\"144\">Seja<\/td><td style=\"background: 0px 0px; margin: 0px; padding-top: 5px; padding-bottom: 5px; vertical-align: baseline; outline: 0px; text-align: center; border: 0px initial initial;\" width=\"129\">Google, DoubleClick<\/td><\/tr><\/tbody><\/table><p><strong style=\"background: 0px 0px; border: 0px; margin: 0px; padding: 0px; vertical-align: baseline; outline: 0px;\">\u00a0<\/strong><\/p><p><b>Nadzor nad pi\u0161kotki ali kako lahko o(ne)mogo\u010dite pi\u0161kotke<\/b><\/p><p>\u010ce \u017eelite spremeniti na\u010din uporabe pi\u0161kotkov v brskalniku, vklju\u010dno z blokiranjem ali izbrisom, lahko to storite z ustrezno spremembo nastavitev brskalnika oz. pi\u0161kotke za merjenje aktivnosti izklopite s klikom na okno v levem spodnjem kotu \u201cSpremeni nastavitve pi\u0161kotkov\u201d.<\/p><p><b>\u00a0<\/b><b>Preberite si ve\u010d o pi\u0161kotkih<\/b><\/p><p>\u010ce \u017eelite vedeti ve\u010d o pi\u0161kotkih, obi\u0161\u010dite katero od naslednjih strani:<\/p><p><b>http:\/\/www.allaboutcookies.org<\/b><\/p><p><b>www.piskotki.net<\/b><\/p><\/div>\n\t\t\t\t<\/div>\n\t\t\t\t<\/div>\n\t\t\t\t\t\t<\/div>\n\t\t\t<\/div>\n\t\t<\/div>\n\t\t\t\t\t\t<\/div>\n\t\t\t<\/div>\n\t\t<\/section>\n\t\t\t\t\t\t<\/div>\n\t\t\t<\/div>\n\t\t<\/div>","protected":false},"excerpt":{"rendered":"<p>Legal notice about cookies Use of cookies The website www.natureinbox.eu (e-mails, web services, advertising and interactive applications for service optimization, etc.) uses cookies. We do not personally identify you with cookies. We use them to make the site work better. What are cookies? Cookies are small text files, usually letters and numbers, that a visited &#8230;<\/p>","protected":false},"author":1,"featured_media":0,"parent":0,"menu_order":0,"comment_status":"closed","ping_status":"closed","template":"","meta":{"spay_email":"","footnotes":""},"_links":{"self":[{"href":"https:\/\/natureinbox.eu\/sl\/wp-json\/wp\/v2\/pages\/1399"}],"collection":[{"href":"https:\/\/natureinbox.eu\/sl\/wp-json\/wp\/v2\/pages"}],"about":[{"href":"https:\/\/natureinbox.eu\/sl\/wp-json\/wp\/v2\/types\/page"}],"author":[{"embeddable":true,"href":"https:\/\/natureinbox.eu\/sl\/wp-json\/wp\/v2\/users\/1"}],"replies":[{"embeddable":true,"href":"https:\/\/natureinbox.eu\/sl\/wp-json\/wp\/v2\/comments?post=1399"}],"version-history":[{"count":14,"href":"https:\/\/natureinbox.eu\/sl\/wp-json\/wp\/v2\/pages\/1399\/revisions"}],"predecessor-version":[{"id":1721,"href":"https:\/\/natureinbox.eu\/sl\/wp-json\/wp\/v2\/pages\/1399\/revisions\/1721"}],"wp:attachment":[{"href":"https:\/\/natureinbox.eu\/sl\/wp-json\/wp\/v2\/media?parent=1399"}],"curies":[{"name":"wp","href":"https:\/\/api.w.org\/{rel}","templated":true}]}}