{"id":1788,"date":"2020-05-14T21:48:52","date_gmt":"2020-05-14T21:48:52","guid":{"rendered":"https:\/\/natureinbox.eu\/?page_id=1788"},"modified":"2020-05-15T17:29:40","modified_gmt":"2020-05-15T17:29:40","slug":"get-ready-for-your-next-trip","status":"publish","type":"page","link":"https:\/\/natureinbox.eu\/sl\/get-ready-for-your-next-trip\/","title":{"rendered":"Nasveti in zanimivosti"},"content":{"rendered":"<div data-elementor-type=\"wp-post\" data-elementor-id=\"1788\" class=\"elementor elementor-1788\" data-elementor-settings=\"[]\">\n\t\t\t<div class=\"elementor-inner\">\n\t\t\t\t<div class=\"elementor-section-wrap\">\n\t\t\t\t\t\t\t<section class=\"elementor-element elementor-element-8c14fb0 elementor-section-boxed elementor-section-height-default elementor-section-height-default elementor-section elementor-top-section\" data-id=\"8c14fb0\" data-element_type=\"section\">\n\t\t\t\t\t\t<div class=\"elementor-container elementor-column-gap-default\">\n\t\t\t\t<div class=\"elementor-row\">\n\t\t\t\t<div class=\"elementor-element elementor-element-84047db elementor-column elementor-col-100 elementor-top-column\" data-id=\"84047db\" data-element_type=\"column\">\n\t\t\t<div class=\"elementor-column-wrap  elementor-element-populated\">\n\t\t\t\t\t<div class=\"elementor-widget-wrap\">\n\t\t\t\t<div class=\"elementor-element elementor-element-fe47d7e elementor-widget elementor-widget-heading\" data-id=\"fe47d7e\" data-element_type=\"widget\" data-widget_type=\"heading.default\">\n\t\t\t\t<div class=\"elementor-widget-container\">\n\t\t\t<h1 class=\"elementor-heading-title elementor-size-xxl\">Pripravite se za potovanje<\/h1>\t\t<\/div>\n\t\t\t\t<\/div>\n\t\t\t\t\t\t<\/div>\n\t\t\t<\/div>\n\t\t<\/div>\n\t\t\t\t\t\t<\/div>\n\t\t\t<\/div>\n\t\t<\/section>\n\t\t\t\t<section class=\"elementor-element elementor-element-3b85128 elementor-section-boxed elementor-section-height-default elementor-section-height-default elementor-section elementor-top-section\" data-id=\"3b85128\" data-element_type=\"section\">\n\t\t\t\t\t\t<div class=\"elementor-container elementor-column-gap-default\">\n\t\t\t\t<div class=\"elementor-row\">\n\t\t\t\t<div class=\"elementor-element elementor-element-6143b54 elementor-column elementor-col-100 elementor-top-column\" data-id=\"6143b54\" data-element_type=\"column\">\n\t\t\t<div class=\"elementor-column-wrap  elementor-element-populated\">\n\t\t\t\t\t<div class=\"elementor-widget-wrap\">\n\t\t\t\t<div class=\"elementor-element elementor-element-e16d477 elementor-widget elementor-widget-image\" data-id=\"e16d477\" data-element_type=\"widget\" data-widget_type=\"image.default\">\n\t\t\t\t<div class=\"elementor-widget-container\">\n\t\t\t\t\t<div class=\"elementor-image\">\n\t\t\t\t\t\t\t\t\t\t<img loading=\"lazy\" decoding=\"async\" width=\"1024\" height=\"512\" src=\"https:\/\/natureinbox.eu\/wp-content\/uploads\/2020\/05\/fotka2-page_1200-600-1024x512.png\" class=\"attachment-large size-large wp-post-image\" alt=\"\" srcset=\"https:\/\/natureinbox.eu\/wp-content\/uploads\/2020\/05\/fotka2-page_1200-600-1024x512.png 1024w, https:\/\/natureinbox.eu\/wp-content\/uploads\/2020\/05\/fotka2-page_1200-600-300x150.png 300w, https:\/\/natureinbox.eu\/wp-content\/uploads\/2020\/05\/fotka2-page_1200-600-768x384.png 768w, https:\/\/natureinbox.eu\/wp-content\/uploads\/2020\/05\/fotka2-page_1200-600-960x480.png 960w, https:\/\/natureinbox.eu\/wp-content\/uploads\/2020\/05\/fotka2-page_1200-600-570x285.png 570w, https:\/\/natureinbox.eu\/wp-content\/uploads\/2020\/05\/fotka2-page_1200-600.png 1200w\" sizes=\"(max-width: 1024px) 100vw, 1024px\" \/>\t\t\t\t\t\t\t\t\t\t\t<\/div>\n\t\t\t\t<\/div>\n\t\t\t\t<\/div>\n\t\t\t\t\t\t<\/div>\n\t\t\t<\/div>\n\t\t<\/div>\n\t\t\t\t\t\t<\/div>\n\t\t\t<\/div>\n\t\t<\/section>\n\t\t\t\t<section class=\"elementor-element elementor-element-a63c8cd elementor-section-boxed elementor-section-height-default elementor-section-height-default elementor-section elementor-top-section\" data-id=\"a63c8cd\" data-element_type=\"section\">\n\t\t\t\t\t\t<div class=\"elementor-container elementor-column-gap-default\">\n\t\t\t\t<div class=\"elementor-row\">\n\t\t\t\t<div class=\"elementor-element elementor-element-7a019c0 elementor-column elementor-col-100 elementor-top-column\" data-id=\"7a019c0\" data-element_type=\"column\">\n\t\t\t<div class=\"elementor-column-wrap  elementor-element-populated\">\n\t\t\t\t\t<div class=\"elementor-widget-wrap\">\n\t\t\t\t<div class=\"elementor-element elementor-element-33b363d elementor-widget elementor-widget-text-editor\" data-id=\"33b363d\" data-element_type=\"widget\" data-widget_type=\"text-editor.default\">\n\t\t\t\t<div class=\"elementor-widget-container\">\n\t\t\t\t\t<div class=\"elementor-text-editor elementor-clearfix\"><p><strong>Deodorant in sredstva proti potenju so na voljo po vsem svetu, vendar se kakovost lokalnih izdelkov zelo razlikuje. \u010ce nameravate spakirati svoj deodorant, namesto da kupujete, ko pristanete, so tu najbolj\u0161e mo\u017enosti za potovalne deodorante.<\/strong><\/p><p><strong>Saj veste, da na potovanjih z letalom lahko zavohate sebe ali ljudi okoli vas. Ne samo zaradi dolgih ur, ki jih porabite na poti? Je pa res, da lahko smrde\u010di sosed va\u0161e dolgo potovanje naredi \u0161e dalj\u0161ega. Vi se kot zavestni popotnik seveda \u017eelite izogniti temu, da bi bili vi ta oseba :)<\/strong><\/p><\/div>\n\t\t\t\t<\/div>\n\t\t\t\t<\/div>\n\t\t\t\t\t\t<\/div>\n\t\t\t<\/div>\n\t\t<\/div>\n\t\t\t\t\t\t<\/div>\n\t\t\t<\/div>\n\t\t<\/section>\n\t\t\t\t<section class=\"elementor-element elementor-element-ee2a54b elementor-section-boxed elementor-section-height-default elementor-section-height-default elementor-section elementor-top-section\" data-id=\"ee2a54b\" data-element_type=\"section\">\n\t\t\t\t\t\t<div class=\"elementor-container elementor-column-gap-default\">\n\t\t\t\t<div class=\"elementor-row\">\n\t\t\t\t<div class=\"elementor-element elementor-element-fa807d2 elementor-column elementor-col-100 elementor-top-column\" data-id=\"fa807d2\" data-element_type=\"column\">\n\t\t\t<div class=\"elementor-column-wrap  elementor-element-populated\">\n\t\t\t\t\t<div class=\"elementor-widget-wrap\">\n\t\t\t\t<div class=\"elementor-element elementor-element-101f220 elementor-widget elementor-widget-heading\" data-id=\"101f220\" data-element_type=\"widget\" data-widget_type=\"heading.default\">\n\t\t\t\t<div class=\"elementor-widget-container\">\n\t\t\t<h2 class=\"elementor-heading-title elementor-size-default\">Naravni deodoranti<\/h2>\t\t<\/div>\n\t\t\t\t<\/div>\n\t\t\t\t\t\t<\/div>\n\t\t\t<\/div>\n\t\t<\/div>\n\t\t\t\t\t\t<\/div>\n\t\t\t<\/div>\n\t\t<\/section>\n\t\t\t\t<section class=\"elementor-element elementor-element-a451e4a elementor-section-boxed elementor-section-height-default elementor-section-height-default elementor-section elementor-top-section\" data-id=\"a451e4a\" data-element_type=\"section\">\n\t\t\t\t\t\t<div class=\"elementor-container elementor-column-gap-default\">\n\t\t\t\t<div class=\"elementor-row\">\n\t\t\t\t<div class=\"elementor-element elementor-element-f7ba816 elementor-column elementor-col-100 elementor-top-column\" data-id=\"f7ba816\" data-element_type=\"column\">\n\t\t\t<div class=\"elementor-column-wrap  elementor-element-populated\">\n\t\t\t\t\t<div class=\"elementor-widget-wrap\">\n\t\t\t\t<div class=\"elementor-element elementor-element-0fcbe4b elementor-widget elementor-widget-text-editor\" data-id=\"0fcbe4b\" data-element_type=\"widget\" data-widget_type=\"text-editor.default\">\n\t\t\t\t<div class=\"elementor-widget-container\">\n\t\t\t\t\t<div class=\"elementor-text-editor elementor-clearfix\"><p><strong><span lang=\"SL\">Naravni deodoranti so v zadnjih letih mo\u010dno napredovali na trgu osebne higiene. Pogosto povezani s \u0161tudijami, ki ka\u017eejo, da lahko uporaba deodoranta in antiperspirantov povzro\u010di negativne vplive na zdravje, ti izdelki uspevajo zahvaljujo\u010d sestavinam, ki omogo\u010dajo, da se va\u0161e telo naravno (in zdravo) znoji. Prav tako lahko pomagajo prepre\u010diti dra\u017eenje ko\u017ee in druge te\u017eave, ki jih nekateri minerali lahko vnamejo v sinteti\u010dnem izdelku za deodorante.<\/span><\/strong><\/p><p><strong><span lang=\"SL\">Potujete lahko brez smradu (ali pa skoraj brez) zahvaljujo\u010d najbolj\u0161im potovalnim deodorantom in antiperspirantom na trgu. \u010ce premislite o tem pred potovanjem, lahko to za vas kasneje pomeni prijetnej\u0161e potovanje - in vonje - za vse vpletene posameznike.\u00a0<\/span><\/strong><\/p><p><strong><span lang=\"SL\">V imenu vseh, ki bodo sedeli blizu vas na letalu ali vlaku ali sobi vam \u017eelimo re\u010di hvala!<\/span><\/strong><\/p><\/div>\n\t\t\t\t<\/div>\n\t\t\t\t<\/div>\n\t\t\t\t\t\t<\/div>\n\t\t\t<\/div>\n\t\t<\/div>\n\t\t\t\t\t\t<\/div>\n\t\t\t<\/div>\n\t\t<\/section>\n\t\t\t\t\t\t<\/div>\n\t\t\t<\/div>\n\t\t<\/div>","protected":false},"excerpt":{"rendered":"<p>Get Ready for Your Next Trip Deodorant and anti-perspirants are available worldwide, but the quality of local products varies widely. If you\u2019re planning to pack your deodorant, instead of buy when you land, here are the best options for travel deodorants. You know when transit stinks, but not only because of the long hours you\u2019re &#8230;<\/p>","protected":false},"author":1,"featured_media":0,"parent":0,"menu_order":0,"comment_status":"closed","ping_status":"closed","template":"","meta":{"spay_email":"","footnotes":""},"_links":{"self":[{"href":"https:\/\/natureinbox.eu\/sl\/wp-json\/wp\/v2\/pages\/1788"}],"collection":[{"href":"https:\/\/natureinbox.eu\/sl\/wp-json\/wp\/v2\/pages"}],"about":[{"href":"https:\/\/natureinbox.eu\/sl\/wp-json\/wp\/v2\/types\/page"}],"author":[{"embeddable":true,"href":"https:\/\/natureinbox.eu\/sl\/wp-json\/wp\/v2\/users\/1"}],"replies":[{"embeddable":true,"href":"https:\/\/natureinbox.eu\/sl\/wp-json\/wp\/v2\/comments?post=1788"}],"version-history":[{"count":7,"href":"https:\/\/natureinbox.eu\/sl\/wp-json\/wp\/v2\/pages\/1788\/revisions"}],"predecessor-version":[{"id":1808,"href":"https:\/\/natureinbox.eu\/sl\/wp-json\/wp\/v2\/pages\/1788\/revisions\/1808"}],"wp:attachment":[{"href":"https:\/\/natureinbox.eu\/sl\/wp-json\/wp\/v2\/media?parent=1788"}],"curies":[{"name":"wp","href":"https:\/\/api.w.org\/{rel}","templated":true}]}}