{"id":1815,"date":"2020-05-15T22:02:20","date_gmt":"2020-05-15T22:02:20","guid":{"rendered":"https:\/\/natureinbox.eu\/?page_id=1815"},"modified":"2020-05-18T14:44:16","modified_gmt":"2020-05-18T14:44:16","slug":"shop-2-test","status":"publish","type":"page","link":"https:\/\/natureinbox.eu\/sl\/shop-2-test\/","title":{"rendered":"Shop test"},"content":{"rendered":"<div data-elementor-type=\"wp-page\" data-elementor-id=\"1815\" class=\"elementor elementor-1815\" data-elementor-settings=\"[]\">\n\t\t\t<div class=\"elementor-inner\">\n\t\t\t\t<div class=\"elementor-section-wrap\">\n\t\t\t\t\t\t\t<section class=\"elementor-element elementor-element-4b26113 elementor-section-boxed elementor-section-height-default elementor-section-height-default elementor-section elementor-top-section\" data-id=\"4b26113\" data-element_type=\"section\">\n\t\t\t\t\t\t<div class=\"elementor-container elementor-column-gap-default\">\n\t\t\t\t<div class=\"elementor-row\">\n\t\t\t\t<div class=\"elementor-element elementor-element-91b7759 elementor-column elementor-col-100 elementor-top-column\" data-id=\"91b7759\" data-element_type=\"column\">\n\t\t\t<div class=\"elementor-column-wrap  elementor-element-populated\">\n\t\t\t\t\t<div class=\"elementor-widget-wrap\">\n\t\t\t\t<div class=\"elementor-element elementor-element-7798ff5 elementor-invisible elementor-widget elementor-widget-rt-product-fullscreen-grid\" data-id=\"7798ff5\" data-element_type=\"widget\" data-settings=\"{&quot;_animation&quot;:&quot;fadeIn&quot;}\" data-widget_type=\"rt-product-fullscreen-grid.default\">\n\t\t\t\t<div class=\"elementor-widget-container\">\n\t\t\t<div class=\"rt-el-product-fullscreen-grid-1\">\n\t\t\t<div class=\"rtin-sec-title-area\">\n\t\t\t<h3 class=\"rtin-sec-title\"><\/h3>\n\t\t\t\t\t<\/div>\n\t\n\t\t\t<div class=\"rtin-items\">\n\t\t\t<div class=\"row\">\n\t\t\t\t\t\t\t\t\t<div class=\"col-xl-4 col-lg-4 col-md-4 col-sm-6 col-12\">\n\t\t\t\t\t\t<div class=\"rt-product-block rt-product-block-8\">\r\n\r\n\t<div class=\"rtin-thumb-wrapper\">\r\n\t\t<div class=\"rtin-thumb\">\r\n\t\t\t\t\t<div class=\"rt-slick-slider\" data-slick=\"{&quot;slidesToShow&quot;:1,&quot;prevArrow&quot;:&quot;&lt;button type=\\&quot;button\\&quot; class=\\&quot;slick-prev\\&quot;&gt;&lt;i class=\\&quot;fa fa-chevron-left\\&quot;&gt;&lt;\\\/i&gt;&lt;\\\/button&gt;&quot;,&quot;nextArrow&quot;:&quot;&lt;button type=\\&quot;button\\&quot; class=\\&quot;slick-next\\&quot;&gt;&lt;i class=\\&quot;fa fa-chevron-right\\&quot;&gt;&lt;\\\/i&gt;&lt;\\\/button&gt;&quot;,&quot;dots&quot;:false}\">\r\n\t\t\t\t\t\t\t<a href=\"https:\/\/natureinbox.eu\/sl\/izdelek\/lemon-tree\/\"><img loading=\"lazy\" decoding=\"async\" width=\"410\" height=\"490\" src=\"https:\/\/natureinbox.eu\/wp-content\/uploads\/2021\/09\/lemon-tree-black-e1630962220315-410x490.png\" class=\"attachment-rdtheme-size6 size-rdtheme-size6 wp-post-image\" alt=\"\" \/><\/a>\r\n\t\t\t\t\t\t\t<a href=\"https:\/\/natureinbox.eu\/sl\/izdelek\/lemon-tree\/\"><img loading=\"lazy\" decoding=\"async\" width=\"410\" height=\"490\" src=\"https:\/\/natureinbox.eu\/wp-content\/uploads\/2021\/09\/lemon-tree-black-c-e1630962163123-410x490.png\" class=\"attachment-rdtheme-size6 size-rdtheme-size6 wp-post-image\" alt=\"\" \/><\/a>\r\n\t\t\t\t\t\t\t<a href=\"https:\/\/natureinbox.eu\/sl\/izdelek\/lemon-tree\/\"><img loading=\"lazy\" decoding=\"async\" width=\"410\" height=\"490\" src=\"https:\/\/natureinbox.eu\/wp-content\/uploads\/2021\/09\/lemon-tree-black-b-e1630962114456-410x490.png\" class=\"attachment-rdtheme-size6 size-rdtheme-size6 wp-post-image\" alt=\"\" \/><\/a>\r\n\t\t\t\t\t<\/div>\r\n\t\t\t\t<\/div>\r\n\t\t\n\t<span class=\"onsale\">-8%<\/span>\n\t\r\n\t\t<div class=\"rtin-buttons\">\r\n\t\t\t<a rel=\"nofollow\" title=\"Dodaj v ko\u0161aro\" href=\"https:\/\/natureinbox.eu\/sl\/wp-json\/wp\/v2\/pages\/1815\/?add-to-cart=30\" data-quantity=\"1\" data-product_id=\"30\" data-product_sku=\"\" class=\"action-cart product_type_simple add_to_cart_button ajax_add_to_cart\" data-no-translation-title=\"\"><i class=\"flaticon-shopping-cart\"><\/i><span data-no-translation=\"\" data-trp-gettext=\"\">Dodaj v ko\u0161aro<\/span><\/a>\t\t<\/div>\r\n\t<\/div>\r\n\r\n\t<div class=\"rtin-contents\">\r\n\r\n\t\t\r\n\t\t<h3 class=\"rtin-title\"><a href=\"https:\/\/natureinbox.eu\/sl\/izdelek\/lemon-tree\/\">Lemon Tree 50ml<\/a><\/h3>\r\n\r\n\t\t\r\n\t\t\r\n\t\t<div class=\"rdtheme-star-rating\"><span style=\"width:100%\"><\/span><\/div>\r\n\t\t<div class=\"rtin-price-area\">\r\n\t\t\t<div class=\"rtin-left\">\r\n\t\t\t\t\t\t\t\t\t<div class=\"rtin-price\"><del><span class=\"woocommerce-Price-amount amount\"><span class=\"woocommerce-Price-currencySymbol\">&euro;<\/span>12.99<\/span><\/del> <ins><span class=\"woocommerce-Price-amount amount\"><span class=\"woocommerce-Price-currencySymbol\">&euro;<\/span>11.99<\/span><\/ins><\/div>\r\n\t\t\t\t\t\t\t\t\r\n\t\t\t<\/div>\r\n\t\t\t<div class=\"rtin-right\">\r\n\t\t\t\t\t\t\t<\/div>\r\n\t\t<\/div>\r\n\r\n\t<\/div>\r\n\t\r\n<\/div>\t\t\t\t\t<\/div>\n\t\t\t\t\t\t\t\t\t<div class=\"col-xl-4 col-lg-4 col-md-4 col-sm-6 col-12\">\n\t\t\t\t\t\t<div class=\"rt-product-block rt-product-block-8\">\r\n\r\n\t<div class=\"rtin-thumb-wrapper\">\r\n\t\t<div class=\"rtin-thumb\">\r\n\t\t\t\t\t<div class=\"rt-slick-slider\" data-slick=\"{&quot;slidesToShow&quot;:1,&quot;prevArrow&quot;:&quot;&lt;button type=\\&quot;button\\&quot; class=\\&quot;slick-prev\\&quot;&gt;&lt;i class=\\&quot;fa fa-chevron-left\\&quot;&gt;&lt;\\\/i&gt;&lt;\\\/button&gt;&quot;,&quot;nextArrow&quot;:&quot;&lt;button type=\\&quot;button\\&quot; class=\\&quot;slick-next\\&quot;&gt;&lt;i class=\\&quot;fa fa-chevron-right\\&quot;&gt;&lt;\\\/i&gt;&lt;\\\/button&gt;&quot;,&quot;dots&quot;:false}\">\r\n\t\t\t\t\t\t\t<a href=\"https:\/\/natureinbox.eu\/sl\/izdelek\/black-pepper\/\"><img loading=\"lazy\" decoding=\"async\" width=\"410\" height=\"490\" src=\"https:\/\/natureinbox.eu\/wp-content\/uploads\/2021\/09\/black-pepper-b-e1630962873852-410x490.png\" class=\"attachment-rdtheme-size6 size-rdtheme-size6 wp-post-image\" alt=\"\" \/><\/a>\r\n\t\t\t\t\t\t\t<a href=\"https:\/\/natureinbox.eu\/sl\/izdelek\/black-pepper\/\"><img loading=\"lazy\" decoding=\"async\" width=\"410\" height=\"490\" src=\"https:\/\/natureinbox.eu\/wp-content\/uploads\/2021\/09\/black-pepper-c-e1630962027876-410x490.png\" class=\"attachment-rdtheme-size6 size-rdtheme-size6 wp-post-image\" alt=\"\" \/><\/a>\r\n\t\t\t\t\t\t\t<a href=\"https:\/\/natureinbox.eu\/sl\/izdelek\/black-pepper\/\"><img loading=\"lazy\" decoding=\"async\" width=\"410\" height=\"490\" src=\"https:\/\/natureinbox.eu\/wp-content\/uploads\/2021\/09\/black-pepper-e1630962067945-410x490.png\" class=\"attachment-rdtheme-size6 size-rdtheme-size6 wp-post-image\" alt=\"\" \/><\/a>\r\n\t\t\t\t\t<\/div>\r\n\t\t\t\t<\/div>\r\n\t\t\n\t<span class=\"onsale\">-8%<\/span>\n\t\r\n\t\t<div class=\"rtin-buttons\">\r\n\t\t\t<a rel=\"nofollow\" title=\"Beri dalje\" href=\"https:\/\/natureinbox.eu\/sl\/izdelek\/black-pepper\/\" data-quantity=\"1\" data-product_id=\"35\" data-product_sku=\"BN3056\" class=\"action-cart product_type_simple ajax_add_to_cart\" data-no-translation-title=\"\"><i class=\"flaticon-shopping-cart\"><\/i><span data-no-translation=\"\" data-trp-gettext=\"\">Beri dalje<\/span><\/a>\t\t<\/div>\r\n\t<\/div>\r\n\r\n\t<div class=\"rtin-contents\">\r\n\r\n\t\t\r\n\t\t<h3 class=\"rtin-title\"><a href=\"https:\/\/natureinbox.eu\/sl\/izdelek\/black-pepper\/\">Black Pepper 50ml<\/a><\/h3>\r\n\r\n\t\t\r\n\t\t\r\n\t\t<div class=\"rdtheme-star-rating\"><span style=\"width:100%\"><\/span><\/div>\r\n\t\t<div class=\"rtin-price-area\">\r\n\t\t\t<div class=\"rtin-left\">\r\n\t\t\t\t\t\t\t\t\t<div class=\"rtin-price\"><del><span class=\"woocommerce-Price-amount amount\"><span class=\"woocommerce-Price-currencySymbol\">&euro;<\/span>12.99<\/span><\/del> <ins><span class=\"woocommerce-Price-amount amount\"><span class=\"woocommerce-Price-currencySymbol\">&euro;<\/span>11.99<\/span><\/ins><\/div>\r\n\t\t\t\t\t\t\t\t\r\n\t\t\t<\/div>\r\n\t\t\t<div class=\"rtin-right\">\r\n\t\t\t\t\t\t\t<\/div>\r\n\t\t<\/div>\r\n\r\n\t<\/div>\r\n\t\r\n<\/div>\t\t\t\t\t<\/div>\n\t\t\t\t\t\t\t\t\t<div class=\"col-xl-4 col-lg-4 col-md-4 col-sm-6 col-12\">\n\t\t\t\t\t\t<div class=\"rt-product-block rt-product-block-8\">\r\n\r\n\t<div class=\"rtin-thumb-wrapper\">\r\n\t\t<div class=\"rtin-thumb\">\r\n\t\t\t\t\t<div class=\"rt-slick-slider\" data-slick=\"{&quot;slidesToShow&quot;:1,&quot;prevArrow&quot;:&quot;&lt;button type=\\&quot;button\\&quot; class=\\&quot;slick-prev\\&quot;&gt;&lt;i class=\\&quot;fa fa-chevron-left\\&quot;&gt;&lt;\\\/i&gt;&lt;\\\/button&gt;&quot;,&quot;nextArrow&quot;:&quot;&lt;button type=\\&quot;button\\&quot; class=\\&quot;slick-next\\&quot;&gt;&lt;i class=\\&quot;fa fa-chevron-right\\&quot;&gt;&lt;\\\/i&gt;&lt;\\\/button&gt;&quot;,&quot;dots&quot;:false}\">\r\n\t\t\t\t\t\t\t<a href=\"https:\/\/natureinbox.eu\/sl\/izdelek\/sivka-lavender\/\"><img loading=\"lazy\" decoding=\"async\" width=\"410\" height=\"490\" src=\"https:\/\/natureinbox.eu\/wp-content\/uploads\/2019\/02\/lavender-black-c-1-e1630961472714-410x490.png\" class=\"attachment-rdtheme-size6 size-rdtheme-size6 wp-post-image\" alt=\"\" \/><\/a>\r\n\t\t\t\t\t\t\t<a href=\"https:\/\/natureinbox.eu\/sl\/izdelek\/sivka-lavender\/\"><img loading=\"lazy\" decoding=\"async\" width=\"410\" height=\"490\" src=\"https:\/\/natureinbox.eu\/wp-content\/uploads\/2019\/02\/lavender-black-b-e1630961535604-410x490.png\" class=\"attachment-rdtheme-size6 size-rdtheme-size6 wp-post-image\" alt=\"\" \/><\/a>\r\n\t\t\t\t\t<\/div>\r\n\t\t\t\t<\/div>\r\n\t\t\n\t<span class=\"onsale\">-8%<\/span>\n\t\r\n\t\t<div class=\"rtin-buttons\">\r\n\t\t\t<a rel=\"nofollow\" title=\"Dodaj v ko\u0161aro\" href=\"https:\/\/natureinbox.eu\/sl\/wp-json\/wp\/v2\/pages\/1815\/?add-to-cart=757\" data-quantity=\"1\" data-product_id=\"757\" data-product_sku=\"BN3357\" class=\"action-cart product_type_simple add_to_cart_button ajax_add_to_cart\" data-no-translation-title=\"\"><i class=\"flaticon-shopping-cart\"><\/i><span data-no-translation=\"\" data-trp-gettext=\"\">Dodaj v ko\u0161aro<\/span><\/a>\t\t<\/div>\r\n\t<\/div>\r\n\r\n\t<div class=\"rtin-contents\">\r\n\r\n\t\t\r\n\t\t<h3 class=\"rtin-title\"><a href=\"https:\/\/natureinbox.eu\/sl\/izdelek\/sivka-lavender\/\">Sivka &#8211; Lavender 50ml<\/a><\/h3>\r\n\r\n\t\t\r\n\t\t\r\n\t\t<div class=\"rdtheme-star-rating\"><span style=\"width:100%\"><\/span><\/div>\r\n\t\t<div class=\"rtin-price-area\">\r\n\t\t\t<div class=\"rtin-left\">\r\n\t\t\t\t\t\t\t\t\t<div class=\"rtin-price\"><del><span class=\"woocommerce-Price-amount amount\"><span class=\"woocommerce-Price-currencySymbol\">&euro;<\/span>12.99<\/span><\/del> <ins><span class=\"woocommerce-Price-amount amount\"><span class=\"woocommerce-Price-currencySymbol\">&euro;<\/span>11.99<\/span><\/ins><\/div>\r\n\t\t\t\t\t\t\t\t\r\n\t\t\t<\/div>\r\n\t\t\t<div class=\"rtin-right\">\r\n\t\t\t\t\t\t\t<\/div>\r\n\t\t<\/div>\r\n\r\n\t<\/div>\r\n\t\r\n<\/div>\t\t\t\t\t<\/div>\n\t\t\t\t\t\t\t<\/div>\n\t\t<\/div>\n\t<\/div>\n\t\t<\/div>\n\t\t\t\t<\/div>\n\t\t\t\t\t\t<\/div>\n\t\t\t<\/div>\n\t\t<\/div>\n\t\t\t\t<div class=\"elementor-element elementor-element-4226cd3 elementor-invisible elementor-column elementor-col-100 elementor-top-column\" data-id=\"4226cd3\" data-element_type=\"column\" data-settings=\"{&quot;animation&quot;:&quot;none&quot;}\">\n\t\t\t<div class=\"elementor-column-wrap  elementor-element-populated\">\n\t\t\t\t\t<div class=\"elementor-widget-wrap\">\n\t\t\t\t<div class=\"elementor-element elementor-element-520302e elementor-absolute elementor-widget elementor-widget-rt-title\" data-id=\"520302e\" data-element_type=\"widget\" data-settings=\"{&quot;_position&quot;:&quot;absolute&quot;}\" data-widget_type=\"rt-title.default\">\n\t\t\t\t<div class=\"elementor-widget-container\">\n\t\t\t<div class=\"rt-el-title rtin-style-1 rtin-align-center\">\n\t<h2 class=\"rtin-title\">Kategorije<\/h2>\n\t<\/div>\t\t<\/div>\n\t\t\t\t<\/div>\n\t\t\t\t<div class=\"elementor-element elementor-element-511c505 elementor-widget elementor-widget-wp-widget-woocommerce_product_search\" data-id=\"511c505\" data-element_type=\"widget\" data-widget_type=\"wp-widget-woocommerce_product_search.default\">\n\t\t\t\t<div class=\"elementor-widget-container\">\n\t\t\t<div class=\"widget %2$s\"><form role=\"search\" method=\"get\" class=\"search-form\" action=\"https:\/\/natureinbox.eu\/sl\/\" data-trp-original-action=\"https:\/\/natureinbox.eu\/sl\/\">\r\n\t<div class=\"custom-search-input\">\r\n\t\t<div class=\"input-group\">\r\n\t\t\t<input type=\"text\" class=\"search-query form-control\" placeholder=\"Search products ...\" value=\"\" name=\"s\" \/>\r\n\t\t\t<span class=\"input-group-btn\">\r\n\t\t\t\t<button class=\"btn\" type=\"submit\">\r\n\t\t\t\t\t<span class=\"flaticon-search\"><\/span>\r\n\t\t\t\t<\/button>\r\n\t\t\t<\/span>\r\n\t\t<\/div>\r\n\t<\/div>\r\n\t<input type=\"hidden\" name=\"post_type\" value=\"product\" \/>\r\n<input type=\"hidden\" name=\"trp-form-language\" value=\"sl\"\/><\/form><\/div>\t\t<\/div>\n\t\t\t\t<\/div>\n\t\t\t\t<div class=\"elementor-element elementor-element-0b725a7 elementor-widget elementor-widget-rt-product-list\" data-id=\"0b725a7\" data-element_type=\"widget\" data-widget_type=\"rt-product-list.default\">\n\t\t\t\t<div class=\"elementor-widget-container\">\n\t\t\t<div class=\"rt-el-product-list\">\n\t<h3 class=\"rtin-sec-title\">Top izdelki<\/h3>\n\t\t\t<div class=\"rtin-items\">\n\t\t\t\t\t\t\t\t\t\t\t<div class=\"rtin-item media\">\n\t\t\t\t\t<a class=\"rtin-thumb\" href=\"https:\/\/natureinbox.eu\/sl\/izdelek\/feel-eco-paper-deo-50ml\/\">\n\t\t\t\t\t\t<img loading=\"lazy\" decoding=\"async\" width=\"110\" height=\"110\" src=\"https:\/\/natureinbox.eu\/wp-content\/uploads\/2021\/09\/feel-paper-e1630964245218-150x150.png\" class=\"attachment-110x110 size-110x110 wp-post-image wp-post-image\" alt=\"\" \/>\t\t\t\t\t\t<div class=\"rtin-icon\"><i class=\"flaticon-plus-symbol\"><\/i><\/div>\n\t\t\t\t\t<\/a>\n\t\t\t\t\t<div class=\"media-body\">\n\t\t\t\t\t\t<h4 class=\"rtin-title\"><a href=\"https:\/\/natureinbox.eu\/sl\/izdelek\/feel-eco-paper-deo-50ml\/\">Feel Eco Paper Deo 50ml<\/a><\/h4>\n\t\t\t\t\t\t\t\t\t\t\t\t\t<div class=\"rtin-cat\">DEODORANTI<\/div>\n\t\t\t\t\t\t\t\t\t\t\t\t<div class=\"rtin-price\"><span class=\"woocommerce-Price-amount amount\"><span class=\"woocommerce-Price-currencySymbol\">&euro;<\/span>11.99<\/span><\/div>\n\t\t\t\t\t<\/div>\n\t\t\t\t<\/div>\n\t\t\t\t\t\t\t\t\t\t\t<div class=\"rtin-item media\">\n\t\t\t\t\t<a class=\"rtin-thumb\" href=\"https:\/\/natureinbox.eu\/sl\/izdelek\/black-pepper-eco-paper-deo-50ml\/\">\n\t\t\t\t\t\t<img loading=\"lazy\" decoding=\"async\" width=\"110\" height=\"110\" src=\"https:\/\/natureinbox.eu\/wp-content\/uploads\/2021\/09\/black-pepper-paper-e1630964149217-150x150.png\" class=\"attachment-110x110 size-110x110 wp-post-image wp-post-image\" alt=\"\" \/>\t\t\t\t\t\t<div class=\"rtin-icon\"><i class=\"flaticon-plus-symbol\"><\/i><\/div>\n\t\t\t\t\t<\/a>\n\t\t\t\t\t<div class=\"media-body\">\n\t\t\t\t\t\t<h4 class=\"rtin-title\"><a href=\"https:\/\/natureinbox.eu\/sl\/izdelek\/black-pepper-eco-paper-deo-50ml\/\">Black Pepper Eco Paper Deo 50ml<\/a><\/h4>\n\t\t\t\t\t\t\t\t\t\t\t\t\t<div class=\"rtin-cat\">DEODORANTI<\/div>\n\t\t\t\t\t\t\t\t\t\t\t\t<div class=\"rtin-price\"><del><span class=\"woocommerce-Price-amount amount\"><span class=\"woocommerce-Price-currencySymbol\">&euro;<\/span>12.99<\/span><\/del> <ins><span class=\"woocommerce-Price-amount amount\"><span class=\"woocommerce-Price-currencySymbol\">&euro;<\/span>11.99<\/span><\/ins><\/div>\n\t\t\t\t\t<\/div>\n\t\t\t\t<\/div>\n\t\t\t\t\t\t\t\t\t\t\t<div class=\"rtin-item media\">\n\t\t\t\t\t<a class=\"rtin-thumb\" href=\"https:\/\/natureinbox.eu\/sl\/izdelek\/lavender-tree-eco-paper-deo-50ml\/\">\n\t\t\t\t\t\t<img loading=\"lazy\" decoding=\"async\" width=\"110\" height=\"110\" src=\"https:\/\/natureinbox.eu\/wp-content\/uploads\/2021\/09\/lavender-paper-e1630964090153-150x150.png\" class=\"attachment-110x110 size-110x110 wp-post-image wp-post-image\" alt=\"\" \/>\t\t\t\t\t\t<div class=\"rtin-icon\"><i class=\"flaticon-plus-symbol\"><\/i><\/div>\n\t\t\t\t\t<\/a>\n\t\t\t\t\t<div class=\"media-body\">\n\t\t\t\t\t\t<h4 class=\"rtin-title\"><a href=\"https:\/\/natureinbox.eu\/sl\/izdelek\/lavender-tree-eco-paper-deo-50ml\/\">Lavender Eco Paper Deo 50ml<\/a><\/h4>\n\t\t\t\t\t\t\t\t\t\t\t\t\t<div class=\"rtin-cat\">DEODORANTI<\/div>\n\t\t\t\t\t\t\t\t\t\t\t\t<div class=\"rtin-price\"><del><span class=\"woocommerce-Price-amount amount\"><span class=\"woocommerce-Price-currencySymbol\">&euro;<\/span>12.99<\/span><\/del> <ins><span class=\"woocommerce-Price-amount amount\"><span class=\"woocommerce-Price-currencySymbol\">&euro;<\/span>11.99<\/span><\/ins><\/div>\n\t\t\t\t\t<\/div>\n\t\t\t\t<\/div>\n\t\t\t\t\t<\/div>\n\t<\/div>\n\t\t<\/div>\n\t\t\t\t<\/div>\n\t\t\t\t\t\t<\/div>\n\t\t\t<\/div>\n\t\t<\/div>\n\t\t\t\t\t\t<\/div>\n\t\t\t<\/div>\n\t\t<\/section>\n\t\t\t\t<section class=\"elementor-element elementor-element-4670e5b elementor-section-stretched elementor-section-boxed elementor-section-height-default elementor-section-height-default elementor-section elementor-top-section\" data-id=\"4670e5b\" data-element_type=\"section\" data-settings=\"{&quot;stretch_section&quot;:&quot;section-stretched&quot;}\">\n\t\t\t\t\t\t<div class=\"elementor-container elementor-column-gap-default\">\n\t\t\t\t<div class=\"elementor-row\">\n\t\t\t\t<div class=\"elementor-element elementor-element-d9e2ca9 elementor-column elementor-col-25 elementor-top-column\" data-id=\"d9e2ca9\" data-element_type=\"column\">\n\t\t\t<div class=\"elementor-column-wrap\">\n\t\t\t\t\t<div class=\"elementor-widget-wrap\">\n\t\t\t\t\t\t<\/div>\n\t\t\t<\/div>\n\t\t<\/div>\n\t\t\t\t<div class=\"elementor-element elementor-element-c79b66b elementor-column elementor-col-25 elementor-top-column\" data-id=\"c79b66b\" data-element_type=\"column\">\n\t\t\t<div class=\"elementor-column-wrap  elementor-element-populated\">\n\t\t\t\t\t<div class=\"elementor-widget-wrap\">\n\t\t\t\t<div class=\"elementor-element elementor-element-a2621b7 elementor-widget elementor-widget-testimonial\" data-id=\"a2621b7\" data-element_type=\"widget\" data-widget_type=\"testimonial.default\">\n\t\t\t\t<div class=\"elementor-widget-container\">\n\t\t\t\t\t<div class=\"elementor-testimonial-wrapper elementor-testimonial-text-align-center\">\n\t\t\t\n\t\t\t\t\t\t<div class=\"elementor-testimonial-meta elementor-has-image elementor-testimonial-image-position-aside\">\n\t\t\t\t<div class=\"elementor-testimonial-meta-inner\">\n\t\t\t\t\t\t\t\t\t\t\t<div class=\"elementor-testimonial-image\">\n\t\t\t\t\t\t\t<img loading=\"lazy\" decoding=\"async\" width=\"150\" height=\"150\" src=\"https:\/\/natureinbox.eu\/wp-content\/uploads\/2020\/05\/Branko-black-pepper-up1-150x150.jpg\" class=\"attachment-thumbnail size-thumbnail wp-post-image\" alt=\"\" \/>\t\t\t\t\t\t<\/div>\n\t\t\t\t\t\n\t\t\t\t\t\t\t\t\t\t<div class=\"elementor-testimonial-details\">\n\t\t\t\t\t\t\t\t\t\t\t\t\t\t<div class=\"elementor-testimonial-name\">BRANKO TAM\u0160E<\/div>\n\t\t\t\t\t\t\t\t\t\t\t\t\t\t\t\t\t\t\t\t\t\t<div class=\"elementor-testimonial-job\">rokometni trener<\/div>\n\t\t\t\t\t\t\t\t\t\t\t\t\t<\/div>\n\t\t\t\t\t\t\t\t\t<\/div>\n\t\t\t<\/div>\n\t\t\t\t\t<\/div>\n\t\t\t\t<\/div>\n\t\t\t\t<\/div>\n\t\t\t\t<div class=\"elementor-element elementor-element-c528754 elementor-widget elementor-widget-text-editor\" data-id=\"c528754\" data-element_type=\"widget\" data-widget_type=\"text-editor.default\">\n\t\t\t\t<div class=\"elementor-widget-container\">\n\t\t\t\t\t<div class=\"elementor-text-editor elementor-clearfix\"><p>Deodorant je ne\u017een in prijazen do ko\u017ee. Vsi vonji so zanimivi in prijetni. Je zelo enostaven za uporabo. Z lahkoto ga priporo\u010dam tudi \u0161portnikom!<\/p><\/div>\n\t\t\t\t<\/div>\n\t\t\t\t<\/div>\n\t\t\t\t\t\t<\/div>\n\t\t\t<\/div>\n\t\t<\/div>\n\t\t\t\t<div class=\"elementor-element elementor-element-5aaeba7 elementor-column elementor-col-25 elementor-top-column\" data-id=\"5aaeba7\" data-element_type=\"column\">\n\t\t\t<div class=\"elementor-column-wrap  elementor-element-populated\">\n\t\t\t\t\t<div class=\"elementor-widget-wrap\">\n\t\t\t\t<div class=\"elementor-element elementor-element-7a3671c elementor-widget elementor-widget-testimonial\" data-id=\"7a3671c\" data-element_type=\"widget\" data-widget_type=\"testimonial.default\">\n\t\t\t\t<div class=\"elementor-widget-container\">\n\t\t\t\t\t<div class=\"elementor-testimonial-wrapper elementor-testimonial-text-align-center\">\n\t\t\t\n\t\t\t\t\t\t<div class=\"elementor-testimonial-meta elementor-has-image elementor-testimonial-image-position-aside\">\n\t\t\t\t<div class=\"elementor-testimonial-meta-inner\">\n\t\t\t\t\t\t\t\t\t\t\t<div class=\"elementor-testimonial-image\">\n\t\t\t\t\t\t\t<img loading=\"lazy\" decoding=\"async\" width=\"300\" height=\"150\" src=\"https:\/\/natureinbox.eu\/wp-content\/uploads\/2019\/03\/blog_5-300x150.jpg\" class=\"attachment-medium size-medium wp-post-image\" alt=\"\" srcset=\"https:\/\/natureinbox.eu\/wp-content\/uploads\/2019\/03\/blog_5-300x150.jpg 300w, https:\/\/natureinbox.eu\/wp-content\/uploads\/2019\/03\/blog_5-768x384.jpg 768w, https:\/\/natureinbox.eu\/wp-content\/uploads\/2019\/03\/blog_5-1024x512.jpg 1024w, https:\/\/natureinbox.eu\/wp-content\/uploads\/2019\/03\/blog_5-960x480.jpg 960w, https:\/\/natureinbox.eu\/wp-content\/uploads\/2019\/03\/blog_5-570x285.jpg 570w, https:\/\/natureinbox.eu\/wp-content\/uploads\/2019\/03\/blog_5.jpg 1200w\" sizes=\"(max-width: 300px) 100vw, 300px\" \/>\t\t\t\t\t\t<\/div>\n\t\t\t\t\t\n\t\t\t\t\t\t\t\t\t\t<div class=\"elementor-testimonial-details\">\n\t\t\t\t\t\t\t\t\t\t\t\t\t\t<div class=\"elementor-testimonial-name\">TINKARA FORTUNA<\/div>\n\t\t\t\t\t\t\t\t\t\t\t\t\t\t\t\t\t\t\t\t\t\t<div class=\"elementor-testimonial-job\">pevka Bepop<\/div>\n\t\t\t\t\t\t\t\t\t\t\t\t\t<\/div>\n\t\t\t\t\t\t\t\t\t<\/div>\n\t\t\t<\/div>\n\t\t\t\t\t<\/div>\n\t\t\t\t<\/div>\n\t\t\t\t<\/div>\n\t\t\t\t<div class=\"elementor-element elementor-element-fd6e3bb elementor-widget elementor-widget-text-editor\" data-id=\"fd6e3bb\" data-element_type=\"widget\" data-widget_type=\"text-editor.default\">\n\t\t\t\t<div class=\"elementor-widget-container\">\n\t\t\t\t\t<div class=\"elementor-text-editor elementor-clearfix\"><p>Oba z mo\u017eem uporabljava deodorant in ob prvem poskusu sva bila pozitivno presene\u010dena. Zdr\u017ei cel dan, izredno lepo di\u0161i in zelo je mazljiv, ker sem pri konkuren\u010dnih izdelkih pogre\u0161ala. Z veseljem ga sedaj redno uporabljam in priporo\u010dam.<\/p><\/div>\n\t\t\t\t<\/div>\n\t\t\t\t<\/div>\n\t\t\t\t\t\t<\/div>\n\t\t\t<\/div>\n\t\t<\/div>\n\t\t\t\t<div class=\"elementor-element elementor-element-09c6e71 elementor-column elementor-col-25 elementor-top-column\" data-id=\"09c6e71\" data-element_type=\"column\">\n\t\t\t<div class=\"elementor-column-wrap\">\n\t\t\t\t\t<div class=\"elementor-widget-wrap\">\n\t\t\t\t\t\t<\/div>\n\t\t\t<\/div>\n\t\t<\/div>\n\t\t\t\t\t\t<\/div>\n\t\t\t<\/div>\n\t\t<\/section>\n\t\t\t\t\t\t<\/div>\n\t\t\t<\/div>\n\t\t<\/div>","protected":false},"excerpt":{"rendered":"<p>Add to cart Lemon Tree &euro;12.99 Add to cart Black Pepper &euro;12.99 Add to cart Sivka- Lavender &euro;12.99 Categories Top izdelki Lemon Tree DEODORANTS &euro;12.99 Black Pepper DEODORANTS &euro;12.99 Sivka- Lavender DEODORANTS &euro;12.99 BRANKO TAM\u0160E handball coach The deodorant is gentle and skin-friendly. All the scents are interesting and pleasant. It is very easy to &#8230;<\/p>","protected":false},"author":1,"featured_media":0,"parent":0,"menu_order":0,"comment_status":"closed","ping_status":"closed","template":"","meta":{"spay_email":"","footnotes":""},"_links":{"self":[{"href":"https:\/\/natureinbox.eu\/sl\/wp-json\/wp\/v2\/pages\/1815"}],"collection":[{"href":"https:\/\/natureinbox.eu\/sl\/wp-json\/wp\/v2\/pages"}],"about":[{"href":"https:\/\/natureinbox.eu\/sl\/wp-json\/wp\/v2\/types\/page"}],"author":[{"embeddable":true,"href":"https:\/\/natureinbox.eu\/sl\/wp-json\/wp\/v2\/users\/1"}],"replies":[{"embeddable":true,"href":"https:\/\/natureinbox.eu\/sl\/wp-json\/wp\/v2\/comments?post=1815"}],"version-history":[{"count":24,"href":"https:\/\/natureinbox.eu\/sl\/wp-json\/wp\/v2\/pages\/1815\/revisions"}],"predecessor-version":[{"id":1872,"href":"https:\/\/natureinbox.eu\/sl\/wp-json\/wp\/v2\/pages\/1815\/revisions\/1872"}],"wp:attachment":[{"href":"https:\/\/natureinbox.eu\/sl\/wp-json\/wp\/v2\/media?parent=1815"}],"curies":[{"name":"wp","href":"https:\/\/api.w.org\/{rel}","templated":true}]}}