{"id":2,"date":"2019-03-19T09:13:30","date_gmt":"2019-03-19T09:13:30","guid":{"rendered":"https:\/\/natureinbox.eu\/?page_id=2"},"modified":"2023-07-31T15:10:02","modified_gmt":"2023-07-31T15:10:02","slug":"sample-page","status":"publish","type":"page","link":"https:\/\/natureinbox.eu\/sl\/sample-page\/","title":{"rendered":"Splo\u0161ni pogoji poslovanja"},"content":{"rendered":"<h1><strong>Pogoji poslovanja<\/strong><\/h1>\n<p>Nature Inbox je blagovna znamka podjetja  DRUM Dejan Tam\u0161e s.p. & Ur\u0161ka S. Tam\u0161e s.p. z naslovom Ob Savinji 61, 3313 Polzela. Spletna trgovina izdelkov blagovne znamke Nature Inbox posluje v skladu z Zakonom o varstvu potro\u0161nikov, kakor tudi v skladu z Zakonom o elektronskem poslovanju na trgu.<\/p>\n<p>Za nakup izdelka Nature Inbox se ni potrebno registrirati. V splo\u0161nih pogojih o poslovanju spletne trgovine Nature Inbox vam predstavljamo delovanje spletne trgovine, va\u0161e pravice kot kupca ter poslovni odnos med lastnikom spletne trgovine Nature Inbox in ponudniki izdelkov. Z oddajo naro\u010dila potrjujete, da ste seznanjeni s celotnim besedilom splo\u0161nih pogojev, ki so tu navedeni, ter da se z njimi v celoti strinjate.<\/p>\n<p><strong>Cene in a\u017eurnost podatkov<\/strong><\/p>\n<p>Cene veljajo v trenutku oddaje naro\u010dila in nimajo vnaprej dolo\u010dene veljavnosti. Omejeno veljavnost imajo le izdelki, ki so v akciji. Te cene veljajo samo do odprodaje zalog oz. do navedenega datuma. Vse cene so v EUR, v skladu s 1 odst. 94. \u010dlena ZDDV-1 davek ni obra\u010dunan (podjetje ni dav\u010dni zavezanec).<\/p>\n<p>Kljub izjemnemu trudu pri zagotavljanju a\u017eurnih in to\u010dnih podatkov, ni izklju\u010dena mo\u017enost napak. Obstaja mo\u017enost, da ne utegnemo so\u010dasno s spremembo popraviti podatkov (o ceni, lastnosti izdelkov, dobavnem roku, zalogi). V teh redkih primerih, vas o spremembi obvestimo ter omogo\u010dimo preklic ali re\u0161itev, ki bo v obojestransko zadovoljstvo.<\/p>\n<p><strong>Nakupovanje<\/strong><\/p>\n<p>Nakupovanje v spletni trgovini Nature Inbox poteka 24 ur na dan, vse dni v letu.<\/p>\n<p>Pri izdelku so navedeni naslednji podatki:<\/p>\n<ul>\n<li>ime in opis izdelka (do strani s podrobnim opisom posameznega izdelka dostopate s klikom na sliko izdelka ali ime izdelka),<\/li>\n<li>cena izdelka ter morebitna akcijska cena,<\/li>\n<li>prednosti izdelka.<\/li>\n<\/ul>\n<p>Izdelke odlagate v nakupovalno ko\u0161arico. Vsak trenutek lahko urejate stanje v va\u0161i ko\u0161arici (spreminjate koli\u010dine, odstranjujete in dodajate izdelke). Izpisan je stro\u0161ek splo\u0161ne dostave, ki zna\u0161a 2,90 EUR pri po\u0161iljanju preko Po\u0161ta Slovenije. V primeru, da bi \u017eeleli nakup poravnati po predra\u010dunu, ozna\u010dite Predra\u010dun in vam ga bomo posredovali.<\/p>\n<ul>\n<li>Pla\u010dilo lahko opravite s kreditno kartico preko PayPala.<\/li>\n<li>Pregledate naro\u010dilo in spremenite koli\u010dino.<\/li>\n<li>Zaklju\u010dite nakup s pregledom va\u0161ega naro\u010dila in klikom na gumb \u00bboddajte naro\u010dilo\u00ab na koncu povzetka nakupa. V primeru, da bi \u017eeleli katerega od korakov spremeniti, se lahko pomikate nazaj po nakupu s kliki na \u00bbspremeni\u00ab v spodnjem desnem pregleda naro\u010dila.<\/li>\n<\/ul>\n<p>Vnesete podatke kamor naj vam po\u0161ljemo izbrane izdelke in potrdite naro\u010dilo. Preusmerjeni boste na potrditveno stran, kjer se vam izpi\u0161e zahvala za nakup. Va\u0161e naro\u010dilo bo s tem oddano. Zanj bomo poskrbeli takoj oziroma v najkraj\u0161em mo\u017enem \u010dasu (vsa naro\u010dila potrdimo v roku 24-ih ur).<\/p>\n<ul>\n<li>Naro\u010dilo sprejeto \u2013 po oddaji naro\u010dila prejmete po elektronski po\u0161ti obvestilo, da je naro\u010dilo sprejeto in kdaj bo odposlano (najdalj\u0161i rok je 3 dni od ndeva naro\u010dila). V primeru, da \u017eelite predra\u010dun, vam ga posredujemo v naslednjem sporo\u010dilu v roku 6-ih ur.<\/li>\n<\/ul>\n<p>O morebitni spremembi ali preklicu nas obvestite po elektronski po\u0161ti na info@natureinbox.eu. Za preverjanje podatkov ali zagotavljanje to\u010dnosti podatkov, vas lahko pokli\u010demo na kontaktno telefonsko \u0161tevilko, ki ste nam jo zaupali.<\/p>\n<ul>\n<li>Blago odpremimo \u2013 v dogovorjenem roku blago pripravimo in odpo\u0161ljemo, v skladu z obvestilom v potrditvenem sporo\u010dilu. Naro\u010dilo je osnova za izdajo ra\u010duna, ki je hkrati pogodba med kupcem in ponudnikom. Vse pogodbe so shranjene na sede\u017eu podjetja ter na voljo kupcu na vpogled.<\/li>\n<\/ul>\n<p><strong>Na\u010dini pla\u010dila<\/strong>\u00a0Naro\u010deno blago je mo\u017eno pla\u010dati:<\/p>\n<ul>\n<li>S pla\u010dilom po predra\u010dunu: po po\u0161ti ali na e-naslov, ki si ga navedel v naro\u010dilu prejmete predra\u010dun. Po pla\u010dilu predra\u010duna sledi odprema po\u0161iljke v roku 1 dan po prejemu pla\u010dila.<\/li>\n<li>Preko pla\u010dilnega sistema PayPal.<\/li>\n<\/ul>\n<p>Do kon\u010dnega pla\u010dila je blago v lasti podjetja  DRUM Dejan Tam\u0161e s.p.\u00a0<strong>Pakiranje in dostava<\/strong> The costs of packing and delivery of one package to an address in Slovenia amount to EUR 3.50, in the case of payment by proforma invoice you avoid paying the commission charged by Po\u0161ta Slovenije in the case of payment on delivery (EUR 1.05). Shipments of ordered goods are made every working day at 1 pm (orders by 12 noon) and on Saturdays at 12 noon.\u00a0<strong>Dobavni rok<\/strong>\u00a0Priprave na dostavo va\u0161ega naro\u010dila pri\u010dnemo takoj, ko prejmete elektronsko sporo\u010dilo o potrditvi naro\u010dila oziroma takoj po prilivu denarja na na\u0161 transakcijski ra\u010dun. Naro\u010deno blago odpo\u0161ljemo v roku enega do dveh delovnih dni.\u00a0<strong>Odstop od nakupa<\/strong>\u00a0Skladno z Zakonom o varstvu potro\u0161nikov imate pravico, da nam v 14 dneh od prevzema blaga sporo\u010dite, da odstopate od pogodbe in sicer z elektronskim sporo\u010dilom na naslov info@natureinbox.eu, ne da bi vam bilo potrebno navesti razlog za svojo odlo\u010ditev. Blago pa lahko tudi v roku 14 dni po prevzemu vrnete brez predhodnega pisnega obvestila.\nIzdelke vrnete na na\u0161 naslov: DRUM, Dejan Tam\u0161e s.p., Ob Savinji 61, 3313 POLZELA\n\u0160teje se, da je sporo\u010dilo pravo\u010dasno, \u010de je po\u0161iljka oddana v roku 14 dni po prevzemu. Edini stro\u0161ek, ki vas bremeni, je neposreden stro\u0161ek vra\u010dila izdelkov. Stro\u0161ke vra\u010dila nosite v znesku, ki ga zara\u010duna izbrana dostavna slu\u017eba. Izdelki morajo biti nerabljeni, nepo\u0161kodovani, v nespremenjenem stanju in originalni embala\u017ei, razen \u010de so uni\u010deni, pokvarjeni, izgubljeni ali se je njihova koli\u010dina zmanj\u0161ala, ne da bi bil za to kriv kupec. V kolikor izdelek za\u010dnete uporabljati in si premislite, izgubite pravico do odstopa od pogodbe. DRUM ni dol\u017eno sprejeti po\u0161iljk z odkupnino ali po\u0161iljk, ki ne ustrezajo tem splo\u0161nim pogojem o poslovanju. Ob vra\u010dilu blaga lahko zahtevate vra\u010dilo denarja, dobroimetje ali drug izdelek. Pri vra\u010dilu denarja vam kupnino, zmanj\u0161ano za stro\u0161ke dostave, vrnemo na transakcijski (osebni) ra\u010dun, najkasneje v roku 14 dni.\nVeseli bomo, \u010de nam boste ob morebitnem odstopu od pogodbe o nakupu, sporo\u010dili razlog, saj nam bo to koristilo pri izbolj\u0161evanju na\u0161e ponudbe in posodabljanju na\u0161ih storitev, kar pa ni pogoj.\nZa re\u0161evanje morebitnih sporov je pristojno sodi\u0161\u010de v Celju.\u00a0<strong>Pravica do odstopa v primeru naro\u010dila<\/strong>\u00a0Pridr\u017eujemo si pravico, da izjemoma (delno) odstopimo od izvedbe naro\u010dila v primerih, \u010de naro\u010denih izdelkov zmanjka na zalogi v procesu obdelave naro\u010dila, \u010de ugotovimo pove\u010dano pla\u010dilno rizi\u010dnost kupca, \u010de naro\u010dilnica ni bila izpolnjena v skladu s splo\u0161nimi pogoji ali \u010de je pri\u0161lo do o\u010ditne napake v ceniku. V vseh takih in podobnih primerih vas bomo o morebitnem odstopu od pogodbe z na\u0161e strani nemudoma obvestili po elektronski po\u0161ti.\u00a0<strong>Reklamacije po\u0161iljk<\/strong>\u00a0V primeru kakr\u0161nihkoli te\u017eav s pri nas kupljenimi izdelki, napa\u010dno dostavljeno po\u0161iljko in v podobnih primerih vam bomo prisluhnili z vso pozornostjo ter pomagali re\u0161iti te\u017eavo oziroma vam posredovali ustrezne napotke. Sporo\u010dite nam svojo te\u017eavo na info@natureinbox.eu in ptrudili se bomo, da vam odgovorimo v najkraj\u0161em mo\u017enem \u010dasu.\u00a0<strong>Na\u0161a napaka<\/strong>\u00a0V primeru, da dostavljeni izdelki ne ustrezajo lastnostim oziroma specifikacijam naro\u010denih izdelkov, nas morate o tem obvestiti v osmih dneh od datuma prejema izdelka. Prosimo, da izdelke vrnete v originalni prodajni embala\u017ei ter v stanju v kakr\u0161nem ste izdelek prejeli. Prilo\u017eite izpolnjen reklamacijski obrazec, ki vam ga na zahtevo po\u0161ljemo po elektronski po\u0161ti, s kratkim opisom, kaj je razlog za vra\u010dilo. Znesek v vrednosti vrnjenega izdelka, brez stro\u0161kov prodaje oz. dostave vam bomo vrnili, priznali kot dobropis ali vam na va\u0161o \u017eeljo poslali novo izbrane izdelke.\u00a0<strong>Po\u0161kodba izdelka med dostavo<\/strong>\u00a0\u010ce je pri\u0161lo do po\u0161kodbe blaga med prevozom, se obrnite na Po\u0161to Slovenije, ki izvr\u0161i dostavo. V kolikor menite, da je bila po\u0161iljka med dostavo po\u0161kodovana, prejeto blago preglejte takoj in ob prisotnosti po\u0161tarja. Vse kasnej\u0161e reklamacije po\u0161kodb blaga Po\u0161ta Slovenije upo\u0161teva le izjemoma in jih tudi na\u0161e podjetje ne more re\u0161iti. Morebitne po\u0161kodbe vnesite v zapisnik, katerega je dostavljavec dol\u017ean podpisati. Za\u017eeleno je tudi, da je po\u0161kodba zabele\u017eena s fotoaparatom.<\/p>\n<h2>Varovanje osebnih podatkov<\/h2>\n<p>Osebne podatke uporabnikov trgovine Nature Inbox hranimo in z njimi ravnamo skladno z Zakonom o varstvu osebnih podatkov.\nVse osebne podatke hranimo v tajnosti in jih ne posredujemo tretjim osebam brez va\u0161ega predhodnega pisnega privoljenja. S sklenitvijo pogodbe o nakupu sogla\u0161ate, da va\u0161e podatke hranimo in uporabljamo za namene arhiva, statistike ter neposrednega tr\u017eenja. Kadarkoli lahko pisno zahtevate, da za\u010dasno ali trajno prenehamo uporabljati va\u0161e podatke za po\u0161iljanje novic o ponudbi in drugih oglasnih sporo\u010dil. O tem nas obvestite na info@natureinbox.eu.\nPri urejanju spletne strani sku\u0161amo zagotavljati to\u010dnost in a\u017eurnost informacij. Kljub temu pa je kazenska in civilna odgovornost za stvarne in pravne napake v informacijah popolnoma izklju\u010dena in ne odgovarjamo za nikakr\u0161no neposredno ali posredno \u0161kodo ali neprijetnosti, ki bi lahko uporabniku nastale zaradi uporabe morebitnih napa\u010dnih ali neto\u010dnih informacij, ki bi se zna\u0161le na tej spletnih strani.\nPridr\u017eujemo si pravico, da vse informacije, ki so vklju\u010dene ali dosegljive na tej spletni strani kadarkoli, brez predhodnega opozorila spremenimo. Vsebine, objavljene na tej spletni strani, nimajo zna\u010daja uradnega dokumenta, razen kadar je to posebej navedeno. Prav tako ne odgovarjamo uporabnikom za morebitno \u0161kodo, ki bi lahko nastala zaradi tehni\u010dnih te\u017eav, oziroma zaradi nezmo\u017enosti dostopa do spletne strani ali nezmo\u017enosti uporabe informacij, ki se nahajajo ali izhajajo iz spletne strani.\nVsa besedila, slike, grafike, animacije in drugi dokumenti, ki jih vsebujejo spletne strani, so v zakonsko dovoljenem okviru predmet avtorske za\u0161\u010dite ali druge oblike za\u0161\u010dite intelektualne lastnine. Vsebine spletnih strani ni dovoljeno kopirati, razpe\u010devati, spreminjati ali na kakr\u0161enkoli drug na\u010din reproducirati, razen v primeru pisnega na\u0161ega soglasja.<\/p>","protected":false},"excerpt":{"rendered":"<p>Terms of business Nature Inbox is a trademark of DRUM Dejan Tam\u0161e s.p. &amp; Ur\u0161ka S. Tam\u0161e s.p. with the address Ob Savinji 61, 3313 Polzela. The Nature Inbox online store operates in accordance with the Consumer Protection Act, as well as in accordance with the Electronic Commerce on the Market Act. You do not &#8230;<\/p>","protected":false},"author":1,"featured_media":0,"parent":0,"menu_order":0,"comment_status":"closed","ping_status":"closed","template":"","meta":{"spay_email":"","footnotes":""},"_links":{"self":[{"href":"https:\/\/natureinbox.eu\/sl\/wp-json\/wp\/v2\/pages\/2"}],"collection":[{"href":"https:\/\/natureinbox.eu\/sl\/wp-json\/wp\/v2\/pages"}],"about":[{"href":"https:\/\/natureinbox.eu\/sl\/wp-json\/wp\/v2\/types\/page"}],"author":[{"embeddable":true,"href":"https:\/\/natureinbox.eu\/sl\/wp-json\/wp\/v2\/users\/1"}],"replies":[{"embeddable":true,"href":"https:\/\/natureinbox.eu\/sl\/wp-json\/wp\/v2\/comments?post=2"}],"version-history":[{"count":16,"href":"https:\/\/natureinbox.eu\/sl\/wp-json\/wp\/v2\/pages\/2\/revisions"}],"predecessor-version":[{"id":2823,"href":"https:\/\/natureinbox.eu\/sl\/wp-json\/wp\/v2\/pages\/2\/revisions\/2823"}],"wp:attachment":[{"href":"https:\/\/natureinbox.eu\/sl\/wp-json\/wp\/v2\/media?parent=2"}],"curies":[{"name":"wp","href":"https:\/\/api.w.org\/{rel}","templated":true}]}}