{"id":762,"date":"2019-07-11T11:08:30","date_gmt":"2019-07-11T11:08:30","guid":{"rendered":"https:\/\/natureinbox.eu\/?page_id=762"},"modified":"2020-05-19T11:55:56","modified_gmt":"2020-05-19T11:55:56","slug":"why-do-we-sweat","status":"publish","type":"page","link":"https:\/\/natureinbox.eu\/sl\/why-do-we-sweat\/","title":{"rendered":"Nasveti in zanimivosti"},"content":{"rendered":"<div data-elementor-type=\"wp-post\" data-elementor-id=\"762\" class=\"elementor elementor-762\" data-elementor-settings=\"[]\">\n\t\t\t<div class=\"elementor-inner\">\n\t\t\t\t<div class=\"elementor-section-wrap\">\n\t\t\t\t\t\t\t<section class=\"elementor-element elementor-element-8c14fb0 elementor-section-boxed elementor-section-height-default elementor-section-height-default elementor-section elementor-top-section\" data-id=\"8c14fb0\" data-element_type=\"section\">\n\t\t\t\t\t\t<div class=\"elementor-container elementor-column-gap-default\">\n\t\t\t\t<div class=\"elementor-row\">\n\t\t\t\t<div class=\"elementor-element elementor-element-84047db elementor-column elementor-col-100 elementor-top-column\" data-id=\"84047db\" data-element_type=\"column\">\n\t\t\t<div class=\"elementor-column-wrap  elementor-element-populated\">\n\t\t\t\t\t<div class=\"elementor-widget-wrap\">\n\t\t\t\t<div class=\"elementor-element elementor-element-fe47d7e elementor-widget elementor-widget-heading\" data-id=\"fe47d7e\" data-element_type=\"widget\" data-widget_type=\"heading.default\">\n\t\t\t\t<div class=\"elementor-widget-container\">\n\t\t\t<h1 class=\"elementor-heading-title elementor-size-xxl\">Zakaj se znojimo?<\/h1>\t\t<\/div>\n\t\t\t\t<\/div>\n\t\t\t\t\t\t<\/div>\n\t\t\t<\/div>\n\t\t<\/div>\n\t\t\t\t\t\t<\/div>\n\t\t\t<\/div>\n\t\t<\/section>\n\t\t\t\t<section class=\"elementor-element elementor-element-3b85128 elementor-section-boxed elementor-section-height-default elementor-section-height-default elementor-section elementor-top-section\" data-id=\"3b85128\" data-element_type=\"section\">\n\t\t\t\t\t\t<div class=\"elementor-container elementor-column-gap-default\">\n\t\t\t\t<div class=\"elementor-row\">\n\t\t\t\t<div class=\"elementor-element elementor-element-6143b54 elementor-column elementor-col-100 elementor-top-column\" data-id=\"6143b54\" data-element_type=\"column\">\n\t\t\t<div class=\"elementor-column-wrap  elementor-element-populated\">\n\t\t\t\t\t<div class=\"elementor-widget-wrap\">\n\t\t\t\t<div class=\"elementor-element elementor-element-e16d477 elementor-widget elementor-widget-image\" data-id=\"e16d477\" data-element_type=\"widget\" data-widget_type=\"image.default\">\n\t\t\t\t<div class=\"elementor-widget-container\">\n\t\t\t\t\t<div class=\"elementor-image\">\n\t\t\t\t\t\t\t\t\t\t<img loading=\"lazy\" decoding=\"async\" width=\"1024\" height=\"512\" src=\"https:\/\/natureinbox.eu\/wp-content\/uploads\/2020\/05\/why-we-sweet-1024x512.png\" class=\"attachment-large size-large wp-post-image\" alt=\"\" srcset=\"https:\/\/natureinbox.eu\/wp-content\/uploads\/2020\/05\/why-we-sweet-1024x512.png 1024w, https:\/\/natureinbox.eu\/wp-content\/uploads\/2020\/05\/why-we-sweet-300x150.png 300w, https:\/\/natureinbox.eu\/wp-content\/uploads\/2020\/05\/why-we-sweet-768x384.png 768w, https:\/\/natureinbox.eu\/wp-content\/uploads\/2020\/05\/why-we-sweet-960x480.png 960w, https:\/\/natureinbox.eu\/wp-content\/uploads\/2020\/05\/why-we-sweet-570x285.png 570w, https:\/\/natureinbox.eu\/wp-content\/uploads\/2020\/05\/why-we-sweet.png 1200w\" sizes=\"(max-width: 1024px) 100vw, 1024px\" \/>\t\t\t\t\t\t\t\t\t\t\t<\/div>\n\t\t\t\t<\/div>\n\t\t\t\t<\/div>\n\t\t\t\t\t\t<\/div>\n\t\t\t<\/div>\n\t\t<\/div>\n\t\t\t\t\t\t<\/div>\n\t\t\t<\/div>\n\t\t<\/section>\n\t\t\t\t<section class=\"elementor-element elementor-element-9094d90 elementor-section-boxed elementor-section-height-default elementor-section-height-default elementor-section elementor-top-section\" data-id=\"9094d90\" data-element_type=\"section\">\n\t\t\t\t\t\t<div class=\"elementor-container elementor-column-gap-default\">\n\t\t\t\t<div class=\"elementor-row\">\n\t\t\t\t<div class=\"elementor-element elementor-element-15a55c8 elementor-column elementor-col-100 elementor-top-column\" data-id=\"15a55c8\" data-element_type=\"column\">\n\t\t\t<div class=\"elementor-column-wrap  elementor-element-populated\">\n\t\t\t\t\t<div class=\"elementor-widget-wrap\">\n\t\t\t\t<div class=\"elementor-element elementor-element-dd7e36b elementor-widget elementor-widget-heading\" data-id=\"dd7e36b\" data-element_type=\"widget\" data-widget_type=\"heading.default\">\n\t\t\t\t<div class=\"elementor-widget-container\">\n\t\t\t<h2 class=\"elementor-heading-title elementor-size-default\">Zakaj se znojimo?<\/h2>\t\t<\/div>\n\t\t\t\t<\/div>\n\t\t\t\t\t\t<\/div>\n\t\t\t<\/div>\n\t\t<\/div>\n\t\t\t\t\t\t<\/div>\n\t\t\t<\/div>\n\t\t<\/section>\n\t\t\t\t<section class=\"elementor-element elementor-element-a63c8cd elementor-section-boxed elementor-section-height-default elementor-section-height-default elementor-section elementor-top-section\" data-id=\"a63c8cd\" data-element_type=\"section\">\n\t\t\t\t\t\t<div class=\"elementor-container elementor-column-gap-default\">\n\t\t\t\t<div class=\"elementor-row\">\n\t\t\t\t<div class=\"elementor-element elementor-element-7a019c0 elementor-column elementor-col-100 elementor-top-column\" data-id=\"7a019c0\" data-element_type=\"column\">\n\t\t\t<div class=\"elementor-column-wrap  elementor-element-populated\">\n\t\t\t\t\t<div class=\"elementor-widget-wrap\">\n\t\t\t\t<div class=\"elementor-element elementor-element-33b363d elementor-widget elementor-widget-text-editor\" data-id=\"33b363d\" data-element_type=\"widget\" data-widget_type=\"text-editor.default\">\n\t\t\t\t<div class=\"elementor-widget-container\">\n\t\t\t\t\t<div class=\"elementor-text-editor elementor-clearfix\"><p style=\"text-align: left;\"><strong>Primarna funkcija znojenja je uravnavanje telesne temperature. Znojenje je posledica pregrevanja telesa. Ko telovadimo, so na\u0161e mi\u0161ice obremenjene in proizvajajo ve\u010d toplote kot obi\u010dajno. Z izlo\u010devanjem znoja na povr\u0161ino ko\u017ee se torej telo posku\u0161a osvoboditi odve\u010dne toplote oziroma se ohladiti. Znoj izhlapeva s povr\u0161ine telesa in ga tako ohlaja. Znojenje je preprosto povedano produkcija in izlo\u010danje telesne teko\u010dine. Znoj je sestavljen iz vode, soli in elektrolitov in je v glavnem brez vonja. Proces znojenja poteka ves \u010das, a ker so koli\u010dine izlo\u010dkov tako majhne, ga sploh ne opazimo: opazimo ga takrat, ko se zaradi pove\u010danih potreb po ohlajanju koli\u010dine izlo\u010denega potu pove\u010dajo in se za\u010dne v obliki kapljic ali srag zadr\u017eevati na ko\u017ei, kocinah ali laseh.<\/strong><\/p><\/div>\n\t\t\t\t<\/div>\n\t\t\t\t<\/div>\n\t\t\t\t\t\t<\/div>\n\t\t\t<\/div>\n\t\t<\/div>\n\t\t\t\t\t\t<\/div>\n\t\t\t<\/div>\n\t\t<\/section>\n\t\t\t\t<section class=\"elementor-element elementor-element-ee2a54b elementor-section-boxed elementor-section-height-default elementor-section-height-default elementor-section elementor-top-section\" data-id=\"ee2a54b\" data-element_type=\"section\">\n\t\t\t\t\t\t<div class=\"elementor-container elementor-column-gap-default\">\n\t\t\t\t<div class=\"elementor-row\">\n\t\t\t\t<div class=\"elementor-element elementor-element-fa807d2 elementor-column elementor-col-100 elementor-top-column\" data-id=\"fa807d2\" data-element_type=\"column\">\n\t\t\t<div class=\"elementor-column-wrap  elementor-element-populated\">\n\t\t\t\t\t<div class=\"elementor-widget-wrap\">\n\t\t\t\t<div class=\"elementor-element elementor-element-101f220 elementor-widget elementor-widget-heading\" data-id=\"101f220\" data-element_type=\"widget\" data-widget_type=\"heading.default\">\n\t\t\t\t<div class=\"elementor-widget-container\">\n\t\t\t<h2 class=\"elementor-heading-title elementor-size-default\">Se mo\u0161ki znojijo bolj kot \u017eenske?<\/h2>\t\t<\/div>\n\t\t\t\t<\/div>\n\t\t\t\t\t\t<\/div>\n\t\t\t<\/div>\n\t\t<\/div>\n\t\t\t\t\t\t<\/div>\n\t\t\t<\/div>\n\t\t<\/section>\n\t\t\t\t<section class=\"elementor-element elementor-element-a451e4a elementor-section-boxed elementor-section-height-default elementor-section-height-default elementor-section elementor-top-section\" data-id=\"a451e4a\" data-element_type=\"section\">\n\t\t\t\t\t\t<div class=\"elementor-container elementor-column-gap-default\">\n\t\t\t\t<div class=\"elementor-row\">\n\t\t\t\t<div class=\"elementor-element elementor-element-f7ba816 elementor-column elementor-col-100 elementor-top-column\" data-id=\"f7ba816\" data-element_type=\"column\">\n\t\t\t<div class=\"elementor-column-wrap  elementor-element-populated\">\n\t\t\t\t\t<div class=\"elementor-widget-wrap\">\n\t\t\t\t<div class=\"elementor-element elementor-element-0fcbe4b elementor-widget elementor-widget-text-editor\" data-id=\"0fcbe4b\" data-element_type=\"widget\" data-widget_type=\"text-editor.default\">\n\t\t\t\t<div class=\"elementor-widget-container\">\n\t\t\t\t\t<div class=\"elementor-text-editor elementor-clearfix\"><p><strong>Da. A to ne pomeni, da imajo \u017eenske bolj razvit \u00bbohlajevalni sistem\u00ab telesa. Ker pa je stopnja znojenja ni\u017eja, je ni\u017eja tudi mo\u017enost razpr\u0161itve visoke telesne temperature skozi ko\u017eo. Prav zato lahko temperatura telesa pri \u017eenskah naraste veliko bolj v primerjavi z mo\u0161kimi pri isti intenzivnosti vadbe.<\/strong><\/p><\/div>\n\t\t\t\t<\/div>\n\t\t\t\t<\/div>\n\t\t\t\t\t\t<\/div>\n\t\t\t<\/div>\n\t\t<\/div>\n\t\t\t\t\t\t<\/div>\n\t\t\t<\/div>\n\t\t<\/section>\n\t\t\t\t\t\t<\/div>\n\t\t\t<\/div>\n\t\t<\/div>","protected":false},"excerpt":{"rendered":"<p>Why do we sweat? Why do we sweat? The primary function of sweating is to regulate body temperature. Sweating is caused by overheating of the body. When we exercise, our muscles are loaded and produce more heat than usual. By excreting sweat on the surface of the skin, the body tries to get rid of &#8230;<\/p>","protected":false},"author":1,"featured_media":0,"parent":0,"menu_order":0,"comment_status":"closed","ping_status":"closed","template":"","meta":{"spay_email":"","footnotes":""},"_links":{"self":[{"href":"https:\/\/natureinbox.eu\/sl\/wp-json\/wp\/v2\/pages\/762"}],"collection":[{"href":"https:\/\/natureinbox.eu\/sl\/wp-json\/wp\/v2\/pages"}],"about":[{"href":"https:\/\/natureinbox.eu\/sl\/wp-json\/wp\/v2\/types\/page"}],"author":[{"embeddable":true,"href":"https:\/\/natureinbox.eu\/sl\/wp-json\/wp\/v2\/users\/1"}],"replies":[{"embeddable":true,"href":"https:\/\/natureinbox.eu\/sl\/wp-json\/wp\/v2\/comments?post=762"}],"version-history":[{"count":9,"href":"https:\/\/natureinbox.eu\/sl\/wp-json\/wp\/v2\/pages\/762\/revisions"}],"predecessor-version":[{"id":1913,"href":"https:\/\/natureinbox.eu\/sl\/wp-json\/wp\/v2\/pages\/762\/revisions\/1913"}],"wp:attachment":[{"href":"https:\/\/natureinbox.eu\/sl\/wp-json\/wp\/v2\/media?parent=762"}],"curies":[{"name":"wp","href":"https:\/\/api.w.org\/{rel}","templated":true}]}}