{"id":1926,"date":"2020-05-19T17:41:04","date_gmt":"2020-05-19T17:41:04","guid":{"rendered":"https:\/\/natureinbox.eu\/?post_type=product&#038;p=1926"},"modified":"2026-04-03T08:16:55","modified_gmt":"2026-04-03T08:16:55","slug":"tris","status":"publish","type":"product","link":"https:\/\/natureinbox.eu\/sl\/izdelek\/tris\/","title":{"rendered":"TRIS"},"content":{"rendered":"<p><strong>PRIPORO\u010cENA UPORABA:<\/strong><\/p>\n<p>Nanesite kremo v velikosti le\u0161nika  pod pazduhe in razma\u017eite po podro\u010dju, kjer sicer rastejo dla\u010dice. Priporo\u010damo uporabo po tu\u0161iranju, ker se krema lepo vpije v ko\u017eo. Ne priporo\u010damo pa nanosa takoj po britju.<\/p>\n<p>&nbsp;<\/p>\n<p>Rok uporabnosti je 12 mesecev<\/p>\n<p>&nbsp;<\/p>\n<p>Primeren tudi za otroke in mladostnike, torej za vso dru\u017eino.<\/p>","protected":false},"excerpt":{"rendered":"<h4>Zagotavljamo vam, da se boste ob uporabi deodoranta Nature Inbox po\u010dutili sve\u017ee ves dan, ne glede na to, kak\u0161no delo opravljate :)<\/h4>","protected":false},"featured_media":2665,"menu_order":3,"comment_status":"open","ping_status":"closed","template":"","meta":{"spay_email":""},"bundle_layout":"","bundle_add_to_cart_form_location":"","bundle_editable_in_cart":false,"bundle_sold_individually_context":"","bundle_item_grouping":"","bundle_min_size":"","bundle_max_size":"","bundled_by":[],"bundled_items":[],"_links":{"self":[{"href":"https:\/\/natureinbox.eu\/sl\/wp-json\/wp\/v2\/product\/1926"}],"collection":[{"href":"https:\/\/natureinbox.eu\/sl\/wp-json\/wp\/v2\/product"}],"about":[{"href":"https:\/\/natureinbox.eu\/sl\/wp-json\/wp\/v2\/types\/product"}],"replies":[{"embeddable":true,"href":"https:\/\/natureinbox.eu\/sl\/wp-json\/wp\/v2\/comments?post=1926"}],"wp:featuredmedia":[{"embeddable":true,"href":"https:\/\/natureinbox.eu\/sl\/wp-json\/wp\/v2\/media\/2665"}],"wp:attachment":[{"href":"https:\/\/natureinbox.eu\/sl\/wp-json\/wp\/v2\/media?parent=1926"}],"curies":[{"name":"wp","href":"https:\/\/api.w.org\/{rel}","templated":true}]}}