{"id":2153,"date":"2020-09-30T20:30:11","date_gmt":"2020-09-30T20:30:11","guid":{"rendered":"https:\/\/natureinbox.eu\/?post_type=product&#038;p=2153"},"modified":"2024-07-29T19:09:00","modified_gmt":"2024-07-29T19:09:00","slug":"zero-50ml","status":"publish","type":"product","link":"https:\/\/natureinbox.eu\/sl\/izdelek\/zero-50ml\/","title":{"rendered":"ZERO 50ml"},"content":{"rendered":"<p>T<span lang=\"en\">a deodorant z ro\u017enatim pokrov\u010dkom je nastal prav zaradi<\/span><span lang=\"en\"> ro\u017enatega oktobra in ozave\u0161\u010danja o raku dojk. <\/span><\/p>\n<p><span lang=\"en\">Ta deodorant je popolnoma naraven, brez dodanih eteri\u010dnih olj in di\u0161av.<\/span><\/p>\n<p><span lang=\"en\"> Je neutralen, brez posebnega vonja in primeren za vse tiste, ki vam na\u0161i deodoranti \"z okusom\" ne odgovarjajo :) <\/span><\/p>\n<p><span lang=\"en\">Sve\u017eina skozi ves dan je zagotovljena!<\/span><\/p>\n<p>50ml<\/p>\n<p><em><strong>Sestavine: kokosovo maslo, mango maslo, koruzni \u0161krob, soda bikarbona,<\/strong><\/em><\/p>\n<p><strong><em>\u010debelji vosek<\/em><\/strong><\/p>\n<p>&nbsp;<\/p>\n<p><strong>PRIPORO\u010cENA UPORABA:<\/strong><\/p>\n<p>Nanesite kremo v velikosti le\u0161nika  pod pazduhe in razma\u017eite po podro\u010dju, kjer sicer rastejo dla\u010dice. Priporo\u010damo uporabo po tu\u0161iranju, ker se krema lepo vpije v ko\u017eo. Ne priporo\u010damo pa nanosa takoj po britju.<\/p>\n<p>&nbsp;<\/p>\n<p>Rok uporabnosti je 12 mesecev<\/p>\n<p>&nbsp;<\/p>\n<p>Primeren tudi za otroke in mladostnike, torej za vso dru\u017eino.<\/p>","protected":false},"excerpt":{"rendered":"<h4>Zagotavljamo vam, da se boste ob uporabi deodoranta Nature Inbox po\u010dutili sve\u017ee ves dan, ne glede na to, kak\u0161no delo opravljate :)<\/h4>","protected":false},"featured_media":2156,"menu_order":27,"comment_status":"open","ping_status":"closed","template":"","meta":{"spay_email":""},"bundle_layout":"","bundle_add_to_cart_form_location":"","bundle_editable_in_cart":false,"bundle_sold_individually_context":"","bundle_item_grouping":"","bundle_min_size":"","bundle_max_size":"","bundled_by":[],"bundled_items":[],"_links":{"self":[{"href":"https:\/\/natureinbox.eu\/sl\/wp-json\/wp\/v2\/product\/2153"}],"collection":[{"href":"https:\/\/natureinbox.eu\/sl\/wp-json\/wp\/v2\/product"}],"about":[{"href":"https:\/\/natureinbox.eu\/sl\/wp-json\/wp\/v2\/types\/product"}],"replies":[{"embeddable":true,"href":"https:\/\/natureinbox.eu\/sl\/wp-json\/wp\/v2\/comments?post=2153"}],"wp:featuredmedia":[{"embeddable":true,"href":"https:\/\/natureinbox.eu\/sl\/wp-json\/wp\/v2\/media\/2156"}],"wp:attachment":[{"href":"https:\/\/natureinbox.eu\/sl\/wp-json\/wp\/v2\/media?parent=2153"}],"curies":[{"name":"wp","href":"https:\/\/api.w.org\/{rel}","templated":true}]}}