{"id":2339,"date":"2020-11-28T15:34:09","date_gmt":"2020-11-28T15:34:09","guid":{"rendered":"https:\/\/natureinbox.eu\/?post_type=product&#038;p=2339"},"modified":"2026-04-03T08:16:36","modified_gmt":"2026-04-03T08:16:36","slug":"foot-balm","status":"publish","type":"product","link":"https:\/\/natureinbox.eu\/sl\/izdelek\/foot-balm\/","title":{"rendered":"BALZAM ZA NOGE"},"content":{"rendered":"<p>Foot balm has a quick and effective impact on tired feet.<\/p>\n<p>100ml<\/p>\n<p>Carefully prepared foot balm lotion contains best natural ingredients that have a quick and long-lasting effect.\u00a0 It effectively slows down the occurrence of fungal infection and unpleasant smell. The balm contains skin-friendly fat, combination of natural essential oils and panthenol vitamin. If used regularly the skin of feet becomes more flexible and resistant.<\/p>\n<p><strong>PRIPORO\u010cENA UPORABA:<\/strong><\/p>\n<p>Apply the balm lotion once or twice a day. Apply an adequate amount of lotion on your feet.<\/p>\n<p>Balzam lahko uporabite kot masko za zelo groba in razpokana stopala. Nanesite ve\u010djo koli\u010dino kreme na stopala in jo pustite delovati pol ure. Po preteku \u010dasa ostanke kreme obri\u0161ite s papirnato brisa\u010dko.<\/p>\n<p>&nbsp;<\/p>\n<p><strong>Rok uporabnosti je 12 mesecev<\/strong><\/p>\n<p><strong>Opozorilo: \u010ce hodite bosi, preden se krema vpije, vam lahko zdrsne.<\/strong><\/p>","protected":false},"excerpt":{"rendered":"<p>Foot balm has a quick and effective impact on tired feet. 100ml Carefully prepared foot balm lotion contains best natural ingredients that have a quick and long-lasting effect.\u00a0 It effectively slows down the occurrence of fungal infection and unpleasant smell. The balm contains skin-friendly fat, combination of natural essential oils and panthenol vitamin. If used &#8230;<\/p>","protected":false},"featured_media":2341,"menu_order":15,"comment_status":"open","ping_status":"closed","template":"","meta":{"spay_email":""},"bundle_layout":"","bundle_add_to_cart_form_location":"","bundle_editable_in_cart":false,"bundle_sold_individually_context":"","bundle_item_grouping":"","bundle_min_size":"","bundle_max_size":"","bundled_by":[],"bundled_items":[],"_links":{"self":[{"href":"https:\/\/natureinbox.eu\/sl\/wp-json\/wp\/v2\/product\/2339"}],"collection":[{"href":"https:\/\/natureinbox.eu\/sl\/wp-json\/wp\/v2\/product"}],"about":[{"href":"https:\/\/natureinbox.eu\/sl\/wp-json\/wp\/v2\/types\/product"}],"replies":[{"embeddable":true,"href":"https:\/\/natureinbox.eu\/sl\/wp-json\/wp\/v2\/comments?post=2339"}],"wp:featuredmedia":[{"embeddable":true,"href":"https:\/\/natureinbox.eu\/sl\/wp-json\/wp\/v2\/media\/2341"}],"wp:attachment":[{"href":"https:\/\/natureinbox.eu\/sl\/wp-json\/wp\/v2\/media?parent=2339"}],"curies":[{"name":"wp","href":"https:\/\/api.w.org\/{rel}","templated":true}]}}