{"id":2658,"date":"2021-09-06T21:30:55","date_gmt":"2021-09-06T21:30:55","guid":{"rendered":"https:\/\/natureinbox.eu\/?post_type=product&#038;p=2658"},"modified":"2026-04-03T08:31:26","modified_gmt":"2026-04-03T08:31:26","slug":"feel-eco-paper-deo-50ml","status":"publish","type":"product","link":"https:\/\/natureinbox.eu\/sl\/izdelek\/feel-eco-paper-deo-50ml\/","title":{"rendered":"Feel Eco Paper Deo 50ml"},"content":{"rendered":"<p>V tem lahkotnem deodorantu so zbrani \u0161tevilni prijetni vonji, ki vas bodo navdu\u0161ili. Sve\u017e vonj za ves dan! Zanjo in zanj!<\/p>\n<p>Sve\u017eina skozi ves dan je zagotovljena!<\/p>\n<p>50ml<\/p>\n<p><em><strong>Sestavine: kokosovo maslo, shea maslo, koruzni \u0161krob, soda bikarbona,\u00a0<\/strong><\/em><strong><em>\u010debelji vosek, eteri\u010dno olje majarona, bergamotke, sivke, sladke pomaran\u010de.<\/em><\/strong><\/p>\n<p>Sestavine INCI:\u00a0Cocos Nucifera oil, Zea Mays, Sodium Bicarbonate, Butyrospermum Parkii (Shea) Butter, Cera Alba, Citrus Aurantium Bergamia Fruit Oil, Citrus aurantium dulcis Oil, Lavandula angustifolia Oil, Origanum Marjorana Leaf Oil, Limonene, Linalool, Citral, Geraniol, Citronellol.<\/p>\n<p><strong>PRIPORO\u010cENA UPORABA:<\/strong><\/p>\n<p>Nanesite kremo v velikosti le\u0161nika pod pazduhe in razma\u017eite po podro\u010dju, kjer sicer rastejo dla\u010dice. Priporo\u010damo uporabo po tu\u0161iranju, ker se krema lepo vpije v ko\u017eo. Ne priporo\u010damo pa nanosa takoj po britju.<\/p>\n<p>Rok uporabnosti je 12 mesecev<\/p>\n<p>Primeren tudi za otroke in mladostnike, torej za vso dru\u017eino.<\/p>","protected":false},"excerpt":{"rendered":"<h4>Zagotavljamo vam, da se boste ob uporabi deodoranta Nature Inbox po\u010dutili sve\u017ee ves dan, ne glede na to, kak\u0161no delo opravljate :)<\/h4>","protected":false},"featured_media":2652,"menu_order":11,"comment_status":"open","ping_status":"closed","template":"","meta":{"spay_email":""},"bundle_layout":"","bundle_add_to_cart_form_location":"","bundle_editable_in_cart":false,"bundle_sold_individually_context":"","bundle_item_grouping":"","bundle_min_size":"","bundle_max_size":"","bundled_by":[],"bundled_items":[],"_links":{"self":[{"href":"https:\/\/natureinbox.eu\/sl\/wp-json\/wp\/v2\/product\/2658"}],"collection":[{"href":"https:\/\/natureinbox.eu\/sl\/wp-json\/wp\/v2\/product"}],"about":[{"href":"https:\/\/natureinbox.eu\/sl\/wp-json\/wp\/v2\/types\/product"}],"replies":[{"embeddable":true,"href":"https:\/\/natureinbox.eu\/sl\/wp-json\/wp\/v2\/comments?post=2658"}],"wp:featuredmedia":[{"embeddable":true,"href":"https:\/\/natureinbox.eu\/sl\/wp-json\/wp\/v2\/media\/2652"}],"wp:attachment":[{"href":"https:\/\/natureinbox.eu\/sl\/wp-json\/wp\/v2\/media?parent=2658"}],"curies":[{"name":"wp","href":"https:\/\/api.w.org\/{rel}","templated":true}]}}