{"id":35,"date":"2019-03-22T05:09:25","date_gmt":"2019-03-22T05:09:25","guid":{"rendered":"https:\/\/natureinbox.eu\/?post_type=product&#038;p=35"},"modified":"2026-04-03T08:32:10","modified_gmt":"2026-04-03T08:32:10","slug":"black-pepper","status":"publish","type":"product","link":"https:\/\/natureinbox.eu\/sl\/izdelek\/black-pepper\/","title":{"rendered":"Black Pepper 50ml"},"content":{"rendered":"<p>V tem \u010dudovitem deodorantu so zbrani konkretnej\u0161i vonji, ki prepri\u010dajo s svojo odlo\u010dnostjo. \u010crni poper, pa\u010duli in \"\u0161\u010depec\" limete je dobitna kombinacija deodoranta. In hi\u0161na skrivnost, ki naredi deodorant \u0161e bolj privla\u010dnega \ud83d\ude0a<\/p>\n<p>Sve\u017eina skozi ves dan je zagotovljena!<\/p>\n<p>&nbsp;<\/p>\n<p><em><strong>Sestavine: kokosovo maslo, mango maslo, koruzni \u0161krob, soda bikarbona,<\/strong><\/em><\/p>\n<p><strong><em>\u010debelji vosek, eteri\u010dno olje limete, \u010drnega popra, pa\u010dulija<\/em><\/strong><\/p>\n<p>&nbsp;<\/p>\n<p><strong>PRIPORO\u010cENA UPORABA:<\/strong><\/p>\n<p>Nanesite kremo v velikosti le\u0161nika  pod pazduhe in razma\u017eite po podro\u010dju, kjer sicer rastejo dla\u010dice. Priporo\u010damo uporabo po tu\u0161iranju, ker se krema lepo vpije v ko\u017eo. Ne priporo\u010damo pa nanosa takoj po britju.<\/p>\n<p>&nbsp;<\/p>\n<p>Rok uporabnosti je 12 mesecev<\/p>\n<p>&nbsp;<\/p>\n<p>Primeren tudi za otroke in mladostnike, torej za vso dru\u017eino.<\/p>","protected":false},"excerpt":{"rendered":"<p><strong>Zagotavljamo vam, da se boste ob uporabi deodoranta Nature Inbox po\u010dutili sve\u017ee ves dan, ne glede na to, kak\u0161no delo opravljate :)<\/strong><\/p>","protected":false},"featured_media":2646,"menu_order":6,"comment_status":"open","ping_status":"closed","template":"","meta":{"spay_email":""},"bundle_layout":"","bundle_add_to_cart_form_location":"","bundle_editable_in_cart":false,"bundle_sold_individually_context":"","bundle_item_grouping":"","bundle_min_size":"","bundle_max_size":"","bundled_by":[],"bundled_items":[],"_links":{"self":[{"href":"https:\/\/natureinbox.eu\/sl\/wp-json\/wp\/v2\/product\/35"}],"collection":[{"href":"https:\/\/natureinbox.eu\/sl\/wp-json\/wp\/v2\/product"}],"about":[{"href":"https:\/\/natureinbox.eu\/sl\/wp-json\/wp\/v2\/types\/product"}],"replies":[{"embeddable":true,"href":"https:\/\/natureinbox.eu\/sl\/wp-json\/wp\/v2\/comments?post=35"}],"wp:featuredmedia":[{"embeddable":true,"href":"https:\/\/natureinbox.eu\/sl\/wp-json\/wp\/v2\/media\/2646"}],"wp:attachment":[{"href":"https:\/\/natureinbox.eu\/sl\/wp-json\/wp\/v2\/media?parent=35"}],"curies":[{"name":"wp","href":"https:\/\/api.w.org\/{rel}","templated":true}]}}