{"id":757,"date":"2019-02-11T10:56:16","date_gmt":"2019-02-11T10:56:16","guid":{"rendered":"https:\/\/natureinbox.eu\/?post_type=product&#038;p=757"},"modified":"2024-07-26T10:08:58","modified_gmt":"2024-07-26T10:08:58","slug":"sivka-lavender","status":"publish","type":"product","link":"https:\/\/natureinbox.eu\/sl\/izdelek\/sivka-lavender\/","title":{"rendered":"Sivka &#8211; Lavender 50ml"},"content":{"rendered":"<p>Kdo ne pozna vonja po Sivki? Edinstven, romanti\u010den, vselej prijeten in sve\u017e vonj po neskon\u010dnih poljih Sivke. Za \u010dez dan in za zve\u010der. Zanjo in zanj!<\/p>\n<p>Sve\u017eina skozi ves dan je zagotovljena!<\/p>\n<p>&nbsp;<\/p>\n<p><em><strong>Sestavine: kokosovo maslo, mango maslo, koruzni \u0161krob, soda bikarbona,<\/strong><\/em><\/p>\n<p><strong><em>\u010debelji vosek, eteri\u010dno olje sivke.<\/em><\/strong><\/p>\n<p>&nbsp;<\/p>\n<p><strong>PRIPORO\u010cENA UPORABA:<\/strong><\/p>\n<p>Nanesite kremo v velikosti le\u0161nika  pod pazduhe in razma\u017eite po podro\u010dju, kjer sicer rastejo dla\u010dice. Priporo\u010damo uporabo po tu\u0161iranju, ker se krema lepo vpije v ko\u017eo. Ne priporo\u010damo pa nanosa takoj po britju.<\/p>\n<p>&nbsp;<\/p>\n<p>Rok uporabnosti je 12 mesecev<\/p>\n<p>&nbsp;<\/p>\n<p>Primeren tudi za otroke in mladostnike, torej za vso dru\u017eino.<\/p>","protected":false},"excerpt":{"rendered":"<p><strong>Zagotavljamo vam, da se boste ob uporabi deodoranta Nature Inbox po\u010dutili sve\u017ee ves dan, ne glede na to, kak\u0161no delo opravljate :)<\/strong><\/p>","protected":false},"featured_media":2638,"menu_order":4,"comment_status":"open","ping_status":"closed","template":"","meta":{"spay_email":""},"bundle_layout":"","bundle_add_to_cart_form_location":"","bundle_editable_in_cart":false,"bundle_sold_individually_context":"","bundle_item_grouping":"","bundle_min_size":"","bundle_max_size":"","bundled_by":["2427"],"bundled_items":[],"_links":{"self":[{"href":"https:\/\/natureinbox.eu\/sl\/wp-json\/wp\/v2\/product\/757"}],"collection":[{"href":"https:\/\/natureinbox.eu\/sl\/wp-json\/wp\/v2\/product"}],"about":[{"href":"https:\/\/natureinbox.eu\/sl\/wp-json\/wp\/v2\/types\/product"}],"replies":[{"embeddable":true,"href":"https:\/\/natureinbox.eu\/sl\/wp-json\/wp\/v2\/comments?post=757"}],"wp:featuredmedia":[{"embeddable":true,"href":"https:\/\/natureinbox.eu\/sl\/wp-json\/wp\/v2\/media\/2638"}],"wp:attachment":[{"href":"https:\/\/natureinbox.eu\/sl\/wp-json\/wp\/v2\/media?parent=757"}],"curies":[{"name":"wp","href":"https:\/\/api.w.org\/{rel}","templated":true}]}}